{"id":135,"date":"2023-04-24T20:27:03","date_gmt":"2023-04-24T18:27:03","guid":{"rendered":"http:\/\/www.rosemarietorregrosa.com\/?page_id=135"},"modified":"2023-06-14T18:55:23","modified_gmt":"2023-06-14T16:55:23","slug":"sobre-nosotros","status":"publish","type":"page","link":"https:\/\/www.rosemarietorregrosa.com\/index.php\/sobre-nosotros\/","title":{"rendered":"Sobre nosotros"},"content":{"rendered":"\t\t<div data-elementor-type=\"wp-page\" data-elementor-id=\"135\" class=\"elementor elementor-135\">\n\t\t\t\t\t\t\t<div class=\"elementor-element elementor-element-3a14c042 e-flex e-con-boxed e-con\" data-id=\"3a14c042\" data-element_type=\"container\" data-settings=\"{&quot;background_background&quot;:&quot;classic&quot;,&quot;content_width&quot;:&quot;boxed&quot;}\">\n\t\t\t\t\t<div class=\"e-con-inner\">\n\t\t<div class=\"elementor-element elementor-element-697889ba e-flex e-con-boxed e-con\" data-id=\"697889ba\" data-element_type=\"container\" data-settings=\"{&quot;content_width&quot;:&quot;boxed&quot;}\">\n\t\t\t\t\t<div class=\"e-con-inner\">\n\t\t\t\t<div class=\"elementor-element elementor-element-6c8cda70 animated-slow elementor-invisible elementor-widget elementor-widget-heading\" data-id=\"6c8cda70\" data-element_type=\"widget\" data-settings=\"{&quot;_animation&quot;:&quot;slideInUp&quot;}\" data-widget_type=\"heading.default\">\n\t\t\t\t<div class=\"elementor-widget-container\">\n\t\t\t<style>\/*! elementor - v3.15.0 - 20-08-2023 *\/\n.elementor-heading-title{padding:0;margin:0;line-height:1}.elementor-widget-heading .elementor-heading-title[class*=elementor-size-]>a{color:inherit;font-size:inherit;line-height:inherit}.elementor-widget-heading .elementor-heading-title.elementor-size-small{font-size:15px}.elementor-widget-heading .elementor-heading-title.elementor-size-medium{font-size:19px}.elementor-widget-heading .elementor-heading-title.elementor-size-large{font-size:29px}.elementor-widget-heading .elementor-heading-title.elementor-size-xl{font-size:39px}.elementor-widget-heading .elementor-heading-title.elementor-size-xxl{font-size:59px}<\/style><h2 class=\"elementor-heading-title elementor-size-default\">SOBRE NOSOTRoS<\/h2>\t\t<\/div>\n\t\t\t\t<\/div>\n\t\t\t\t<div class=\"elementor-element elementor-element-14419c1c animated-slow elementor-invisible elementor-widget elementor-widget-heading\" data-id=\"14419c1c\" data-element_type=\"widget\" data-settings=\"{&quot;_animation&quot;:&quot;slideInUp&quot;}\" data-widget_type=\"heading.default\">\n\t\t\t\t<div class=\"elementor-widget-container\">\n\t\t\t<h2 class=\"elementor-heading-title elementor-size-default\">Instituto de Belleza Rose Marie Torregrosa<\/h2>\t\t<\/div>\n\t\t\t\t<\/div>\n\t\t\t\t\t<\/div>\n\t\t\t\t<\/div>\n\t\t<div class=\"elementor-element elementor-element-655a7de e-flex e-con-boxed e-con\" data-id=\"655a7de\" data-element_type=\"container\" data-settings=\"{&quot;content_width&quot;:&quot;boxed&quot;}\">\n\t\t\t\t\t<div class=\"e-con-inner\">\n\t\t\t\t<div class=\"elementor-element elementor-element-8cc7885 elementor-widget elementor-widget-heading\" data-id=\"8cc7885\" data-element_type=\"widget\" data-widget_type=\"heading.default\">\n\t\t\t\t<div class=\"elementor-widget-container\">\n\t\t\t<h1 class=\"elementor-heading-title elementor-size-medium\">\u00bfQuienes somos?<\/h1>\t\t<\/div>\n\t\t\t\t<\/div>\n\t\t\t\t\t<\/div>\n\t\t\t\t<\/div>\n\t\t<div class=\"elementor-element elementor-element-babd0c0 e-flex e-con-boxed e-con\" data-id=\"babd0c0\" data-element_type=\"container\" data-settings=\"{&quot;content_width&quot;:&quot;boxed&quot;}\">\n\t\t\t\t\t<div class=\"e-con-inner\">\n\t\t<div class=\"elementor-element elementor-element-9f5a90a e-flex e-con-boxed e-con\" data-id=\"9f5a90a\" data-element_type=\"container\" data-settings=\"{&quot;content_width&quot;:&quot;boxed&quot;}\">\n\t\t\t\t\t<div class=\"e-con-inner\">\n\t\t\t\t<div class=\"elementor-element elementor-element-9b8f79d elementor-widget elementor-widget-heading\" data-id=\"9b8f79d\" data-element_type=\"widget\" data-widget_type=\"heading.default\">\n\t\t\t\t<div class=\"elementor-widget-container\">\n\t\t\t<h3 class=\"elementor-heading-title elementor-size-default\">rOSE-MARIE<\/h3>\t\t<\/div>\n\t\t\t\t<\/div>\n\t\t\t\t<div class=\"elementor-element elementor-element-0b84fad elementor-widget elementor-widget-image\" data-id=\"0b84fad\" data-element_type=\"widget\" data-widget_type=\"image.default\">\n\t\t\t\t<div class=\"elementor-widget-container\">\n\t\t\t<style>\/*! elementor - v3.15.0 - 20-08-2023 *\/\n.elementor-widget-image{text-align:center}.elementor-widget-image a{display:inline-block}.elementor-widget-image a img[src$=\".svg\"]{width:48px}.elementor-widget-image img{vertical-align:middle;display:inline-block}<\/style>\t\t\t\t\t\t\t\t\t\t\t\t<img loading=\"lazy\" decoding=\"async\" width=\"1024\" height=\"1024\" src=\"https:\/\/www.rosemarietorregrosa.com\/wp-content\/uploads\/2023\/06\/InShot_20230413_083757994-1024x1024.jpg\" class=\"attachment-large size-large wp-image-953\" alt=\"\" srcset=\"https:\/\/www.rosemarietorregrosa.com\/wp-content\/uploads\/2023\/06\/InShot_20230413_083757994-1024x1024.jpg 1024w, https:\/\/www.rosemarietorregrosa.com\/wp-content\/uploads\/2023\/06\/InShot_20230413_083757994-300x300.jpg 300w, https:\/\/www.rosemarietorregrosa.com\/wp-content\/uploads\/2023\/06\/InShot_20230413_083757994-150x150.jpg 150w, https:\/\/www.rosemarietorregrosa.com\/wp-content\/uploads\/2023\/06\/InShot_20230413_083757994-768x768.jpg 768w, https:\/\/www.rosemarietorregrosa.com\/wp-content\/uploads\/2023\/06\/InShot_20230413_083757994-1536x1536.jpg 1536w, https:\/\/www.rosemarietorregrosa.com\/wp-content\/uploads\/2023\/06\/InShot_20230413_083757994-250x250.jpg 250w, https:\/\/www.rosemarietorregrosa.com\/wp-content\/uploads\/2023\/06\/elementor\/thumbs\/InShot_20230413_083757994-q7yijqzyh0odw28qjgknr760iz7hemls7jkyidesmo.jpg 600w, https:\/\/www.rosemarietorregrosa.com\/wp-content\/uploads\/2023\/06\/InShot_20230413_083757994.jpg 1920w\" sizes=\"auto, (max-width: 1024px) 100vw, 1024px\" \/>\t\t\t\t\t\t\t\t\t\t\t\t\t\t\t<\/div>\n\t\t\t\t<\/div>\n\t\t\t\t<div class=\"elementor-element elementor-element-8afb607 elementor-widget elementor-widget-text-editor\" data-id=\"8afb607\" data-element_type=\"widget\" data-widget_type=\"text-editor.default\">\n\t\t\t\t<div class=\"elementor-widget-container\">\n\t\t\t<style>\/*! elementor - v3.15.0 - 20-08-2023 *\/\n.elementor-widget-text-editor.elementor-drop-cap-view-stacked .elementor-drop-cap{background-color:#69727d;color:#fff}.elementor-widget-text-editor.elementor-drop-cap-view-framed .elementor-drop-cap{color:#69727d;border:3px solid;background-color:transparent}.elementor-widget-text-editor:not(.elementor-drop-cap-view-default) .elementor-drop-cap{margin-top:8px}.elementor-widget-text-editor:not(.elementor-drop-cap-view-default) .elementor-drop-cap-letter{width:1em;height:1em}.elementor-widget-text-editor .elementor-drop-cap{float:left;text-align:center;line-height:1;font-size:50px}.elementor-widget-text-editor .elementor-drop-cap-letter{display:inline-block}<\/style>\t\t\t\t<p>Esteticista desde muy joven y ahora con 40 a\u00f1os de experiencia no ha perdido la ilusi\u00f3n por aprender, estar siempre al d\u00eda y seguir aconsejando a sus clientas, que muchas de ellas la acompa\u00f1an desde su inicio.<\/p><p>Le encanta asesorar a sus clientas para que saquen el mayor partido a su imagen y para tener una piel sana.<\/p><p>Dicen que tiene unas \u201cmanos m\u00e1gicas\u201d en el masaje porque le pasi\u00f3n y entrega a todo lo que hace.<\/p><p>Fue pionera en hacer los primeros tratamientos en laser, radio frecuencia y micropigmentaci\u00f3n. Experta en depilaci\u00f3n el\u00e9ctrica, micropigmentaci\u00f3n y microblading. Para ella las cejas cobran mucha importancia ya que te pueden cambiar toda la expresividad del rostro, darle alegr\u00eda y rejuvenecer.<\/p><p>Como bien dice su lema \u201cla belleza crea ilusi\u00f3n de vivir\u201d.<\/p>\t\t\t\t\t\t<\/div>\n\t\t\t\t<\/div>\n\t\t\t\t\t<\/div>\n\t\t\t\t<\/div>\n\t\t<div class=\"elementor-element elementor-element-9f03539 e-flex e-con-boxed e-con\" data-id=\"9f03539\" data-element_type=\"container\" data-settings=\"{&quot;content_width&quot;:&quot;boxed&quot;}\">\n\t\t\t\t\t<div class=\"e-con-inner\">\n\t\t\t\t<div class=\"elementor-element elementor-element-49af6ac elementor-widget elementor-widget-heading\" data-id=\"49af6ac\" data-element_type=\"widget\" data-widget_type=\"heading.default\">\n\t\t\t\t<div class=\"elementor-widget-container\">\n\t\t\t<h3 class=\"elementor-heading-title elementor-size-default\">LAURA SALA<\/h3>\t\t<\/div>\n\t\t\t\t<\/div>\n\t\t\t\t<div class=\"elementor-element elementor-element-11d3934 elementor-widget elementor-widget-image\" data-id=\"11d3934\" data-element_type=\"widget\" data-widget_type=\"image.default\">\n\t\t\t\t<div class=\"elementor-widget-container\">\n\t\t\t\t\t\t\t\t\t\t\t\t\t\t\t<img loading=\"lazy\" decoding=\"async\" width=\"1024\" height=\"1024\" src=\"https:\/\/www.rosemarietorregrosa.com\/wp-content\/uploads\/2023\/06\/InShot_20230522_094712850-1024x1024.jpg\" class=\"attachment-large size-large wp-image-954\" alt=\"\" srcset=\"https:\/\/www.rosemarietorregrosa.com\/wp-content\/uploads\/2023\/06\/InShot_20230522_094712850-1024x1024.jpg 1024w, https:\/\/www.rosemarietorregrosa.com\/wp-content\/uploads\/2023\/06\/InShot_20230522_094712850-300x300.jpg 300w, https:\/\/www.rosemarietorregrosa.com\/wp-content\/uploads\/2023\/06\/InShot_20230522_094712850-150x150.jpg 150w, https:\/\/www.rosemarietorregrosa.com\/wp-content\/uploads\/2023\/06\/InShot_20230522_094712850-768x768.jpg 768w, https:\/\/www.rosemarietorregrosa.com\/wp-content\/uploads\/2023\/06\/InShot_20230522_094712850-1536x1536.jpg 1536w, https:\/\/www.rosemarietorregrosa.com\/wp-content\/uploads\/2023\/06\/InShot_20230522_094712850-250x250.jpg 250w, https:\/\/www.rosemarietorregrosa.com\/wp-content\/uploads\/2023\/06\/InShot_20230522_094712850.jpg 1920w\" sizes=\"auto, (max-width: 1024px) 100vw, 1024px\" \/>\t\t\t\t\t\t\t\t\t\t\t\t\t\t\t<\/div>\n\t\t\t\t<\/div>\n\t\t\t\t<div class=\"elementor-element elementor-element-21a9135 elementor-widget elementor-widget-text-editor\" data-id=\"21a9135\" data-element_type=\"widget\" data-widget_type=\"text-editor.default\">\n\t\t\t\t<div class=\"elementor-widget-container\">\n\t\t\t\t\t\t\t<p>Lo que destacar\u00eda de Laura es su sonrisa amable, buena profesional en todo lo que hace y nadie como ella sabe explicar profesionalmente y a la vez en un lenguaje sencillo los tratamientos y la aparatolog\u00eda a las clientas.<\/p><p>Lleva 20 con Rose Marie y las dos hacen un equipo extraordinario, est\u00e1n muy compenetradas, por eso el masaje a 4 manos que dan es tan especial, la sincronizaci\u00f3n es perfecta. Con Laura es muy f\u00e1cil conectar.<\/p>\t\t\t\t\t\t<\/div>\n\t\t\t\t<\/div>\n\t\t\t\t\t<\/div>\n\t\t\t\t<\/div>\n\t\t\t\t\t<\/div>\n\t\t\t\t<\/div>\n\t\t<div class=\"elementor-element elementor-element-35fb4904 e-con-full e-flex e-con\" data-id=\"35fb4904\" data-element_type=\"container\" data-settings=\"{&quot;content_width&quot;:&quot;full&quot;}\">\n\t\t<div class=\"elementor-element elementor-element-224992a1 e-con-full e-flex e-con\" data-id=\"224992a1\" data-element_type=\"container\" data-settings=\"{&quot;content_width&quot;:&quot;full&quot;}\">\n\t\t\t\t<div class=\"elementor-element elementor-element-160189f1 elementor-widget elementor-widget-heading\" data-id=\"160189f1\" data-element_type=\"widget\" data-widget_type=\"heading.default\">\n\t\t\t\t<div class=\"elementor-widget-container\">\n\t\t\t<h3 class=\"elementor-heading-title elementor-size-default\">\u00bfQUE OFRECEMOS?<\/h3>\t\t<\/div>\n\t\t\t\t<\/div>\n\t\t\t\t<div class=\"elementor-element elementor-element-717fe1a3 elementor-position-top elementor-widget elementor-widget-image-box\" data-id=\"717fe1a3\" data-element_type=\"widget\" data-widget_type=\"image-box.default\">\n\t\t\t\t<div class=\"elementor-widget-container\">\n\t\t\t<style>\/*! elementor - v3.15.0 - 20-08-2023 *\/\n.elementor-widget-image-box .elementor-image-box-content{width:100%}@media (min-width:768px){.elementor-widget-image-box.elementor-position-left .elementor-image-box-wrapper,.elementor-widget-image-box.elementor-position-right .elementor-image-box-wrapper{display:flex}.elementor-widget-image-box.elementor-position-right .elementor-image-box-wrapper{text-align:right;flex-direction:row-reverse}.elementor-widget-image-box.elementor-position-left .elementor-image-box-wrapper{text-align:left;flex-direction:row}.elementor-widget-image-box.elementor-position-top .elementor-image-box-img{margin:auto}.elementor-widget-image-box.elementor-vertical-align-top .elementor-image-box-wrapper{align-items:flex-start}.elementor-widget-image-box.elementor-vertical-align-middle .elementor-image-box-wrapper{align-items:center}.elementor-widget-image-box.elementor-vertical-align-bottom .elementor-image-box-wrapper{align-items:flex-end}}@media (max-width:767px){.elementor-widget-image-box .elementor-image-box-img{margin-left:auto!important;margin-right:auto!important;margin-bottom:15px}}.elementor-widget-image-box .elementor-image-box-img{display:inline-block}.elementor-widget-image-box .elementor-image-box-title a{color:inherit}.elementor-widget-image-box .elementor-image-box-wrapper{text-align:center}.elementor-widget-image-box .elementor-image-box-description{margin:0}<\/style><div class=\"elementor-image-box-wrapper\"><figure class=\"elementor-image-box-img\"><img loading=\"lazy\" decoding=\"async\" width=\"2560\" height=\"1762\" src=\"https:\/\/www.rosemarietorregrosa.com\/wp-content\/uploads\/2023\/04\/bien-cuidado-retrato-mujer-joven-hermosa-sobre-fondo-blanco-estudio-concepto-cosmetica-maquillaje-tratamiento-natural-ecologico-cuidado-piel-aspecto-brillante-saludable-moda-salud-copyspace-scaled.jpg\" class=\"attachment-full size-full wp-image-563\" alt=\"\" srcset=\"https:\/\/www.rosemarietorregrosa.com\/wp-content\/uploads\/2023\/04\/bien-cuidado-retrato-mujer-joven-hermosa-sobre-fondo-blanco-estudio-concepto-cosmetica-maquillaje-tratamiento-natural-ecologico-cuidado-piel-aspecto-brillante-saludable-moda-salud-copyspace-scaled.jpg 2560w, https:\/\/www.rosemarietorregrosa.com\/wp-content\/uploads\/2023\/04\/bien-cuidado-retrato-mujer-joven-hermosa-sobre-fondo-blanco-estudio-concepto-cosmetica-maquillaje-tratamiento-natural-ecologico-cuidado-piel-aspecto-brillante-saludable-moda-salud-copyspace-300x207.jpg 300w, https:\/\/www.rosemarietorregrosa.com\/wp-content\/uploads\/2023\/04\/bien-cuidado-retrato-mujer-joven-hermosa-sobre-fondo-blanco-estudio-concepto-cosmetica-maquillaje-tratamiento-natural-ecologico-cuidado-piel-aspecto-brillante-saludable-moda-salud-copyspace-1024x705.jpg 1024w, https:\/\/www.rosemarietorregrosa.com\/wp-content\/uploads\/2023\/04\/bien-cuidado-retrato-mujer-joven-hermosa-sobre-fondo-blanco-estudio-concepto-cosmetica-maquillaje-tratamiento-natural-ecologico-cuidado-piel-aspecto-brillante-saludable-moda-salud-copyspace-768x529.jpg 768w, https:\/\/www.rosemarietorregrosa.com\/wp-content\/uploads\/2023\/04\/bien-cuidado-retrato-mujer-joven-hermosa-sobre-fondo-blanco-estudio-concepto-cosmetica-maquillaje-tratamiento-natural-ecologico-cuidado-piel-aspecto-brillante-saludable-moda-salud-copyspace-1536x1057.jpg 1536w, https:\/\/www.rosemarietorregrosa.com\/wp-content\/uploads\/2023\/04\/bien-cuidado-retrato-mujer-joven-hermosa-sobre-fondo-blanco-estudio-concepto-cosmetica-maquillaje-tratamiento-natural-ecologico-cuidado-piel-aspecto-brillante-saludable-moda-salud-copyspace-2048x1410.jpg 2048w\" sizes=\"auto, (max-width: 2560px) 100vw, 2560px\" \/><\/figure><div class=\"elementor-image-box-content\"><p class=\"elementor-image-box-description\"><span style=\"color: rgb(55, 65, 81); font-family: S\u00f6hne, ui-sans-serif, system-ui, -apple-system, &quot;Segoe UI&quot;, Roboto, Ubuntu, Cantarell, &quot;Noto Sans&quot;, sans-serif, &quot;Helvetica Neue&quot;, Arial, &quot;Apple Color Emoji&quot;, &quot;Segoe UI Emoji&quot;, &quot;Segoe UI Symbol&quot;, &quot;Noto Color Emoji&quot;; font-size: 16px; background-color: rgb(247, 247, 248);\"><\/span>En nuestro centro de est\u00e9tica, ofrecemos una amplia variedad de tratamientos faciales, corporales y capilares dise\u00f1ados para satisfacer las necesidades y deseos de cada cliente. Nuestros tratamientos son realizados por personal altamente capacitado, utilizando las \u00faltimas tecnolog\u00edas y productos de la m\u00e1s alta calidad.<\/p><\/div><\/div>\t\t<\/div>\n\t\t\t\t<\/div>\n\t\t\t\t<\/div>\n\t\t<div class=\"elementor-element elementor-element-7e3f2824 e-con-full e-flex e-con\" data-id=\"7e3f2824\" data-element_type=\"container\" data-settings=\"{&quot;content_width&quot;:&quot;full&quot;}\">\n\t\t\t\t<div class=\"elementor-element elementor-element-3b8139fd elementor-widget elementor-widget-heading\" data-id=\"3b8139fd\" data-element_type=\"widget\" data-widget_type=\"heading.default\">\n\t\t\t\t<div class=\"elementor-widget-container\">\n\t\t\t<h3 class=\"elementor-heading-title elementor-size-default\">\u00bfQUE NOS DISTINGUE?<\/h3>\t\t<\/div>\n\t\t\t\t<\/div>\n\t\t\t\t<div class=\"elementor-element elementor-element-2c5de2e8 elementor-position-top elementor-widget elementor-widget-image-box\" data-id=\"2c5de2e8\" data-element_type=\"widget\" data-widget_type=\"image-box.default\">\n\t\t\t\t<div class=\"elementor-widget-container\">\n\t\t\t<div class=\"elementor-image-box-wrapper\"><figure class=\"elementor-image-box-img\"><img decoding=\"async\" src=\"https:\/\/www.rosemarietorregrosa.com\/wp-content\/uploads\/2023\/04\/cerrar-sonriente-modelo-posando-planta-scaled.jpg\" title=\"cerrar-sonriente-modelo-posando-planta\" alt=\"cerrar-sonriente-modelo-posando-planta\" loading=\"lazy\" \/><\/figure><div class=\"elementor-image-box-content\"><p class=\"elementor-image-box-description\">Nos enorgullece ofrecer un ambiente tranquilo y acogedor en el que nuestros clientes puedan relajarse y disfrutar de una experiencia de belleza \u00fanica. Nos esforzamos por asegurarnos de que cada uno de nuestros clientes se sienta atendido y cuidado de manera personalizada.<\/p><\/div><\/div>\t\t<\/div>\n\t\t\t\t<\/div>\n\t\t\t\t<\/div>\n\t\t<div class=\"elementor-element elementor-element-7046db22 e-con-full e-flex e-con\" data-id=\"7046db22\" data-element_type=\"container\" data-settings=\"{&quot;content_width&quot;:&quot;full&quot;}\">\n\t\t\t\t<div class=\"elementor-element elementor-element-2855d6f5 elementor-widget elementor-widget-heading\" data-id=\"2855d6f5\" data-element_type=\"widget\" data-widget_type=\"heading.default\">\n\t\t\t\t<div class=\"elementor-widget-container\">\n\t\t\t<h3 class=\"elementor-heading-title elementor-size-default\">\u00bfQUE VALORAMOS?<\/h3>\t\t<\/div>\n\t\t\t\t<\/div>\n\t\t\t\t<div class=\"elementor-element elementor-element-37a47f04 elementor-position-top elementor-widget elementor-widget-image-box\" data-id=\"37a47f04\" data-element_type=\"widget\" data-widget_type=\"image-box.default\">\n\t\t\t\t<div class=\"elementor-widget-container\">\n\t\t\t<div class=\"elementor-image-box-wrapper\"><figure class=\"elementor-image-box-img\"><img decoding=\"async\" src=\"https:\/\/www.rosemarietorregrosa.com\/wp-content\/uploads\/2023\/04\/hermosa-composicion-spa-camilla-masaje-centro-bienestar-copyspace-scaled.jpg\" title=\"Beautiful spa composition on massage table in wellness center, copyspace\" alt=\"Beautiful spa composition on massage table in wellness center, copyspace. Accessories for relaxing treatments and personal care. Towels, oils, serum, sea salts and scrubs. Decorative candles.\" loading=\"lazy\" \/><\/figure><div class=\"elementor-image-box-content\"><p class=\"elementor-image-box-description\">La honestidad, la integridad y la profesionalidad. Nos esforzamos por mantener un alto est\u00e1ndar de calidad en todo lo que hacemos y por brindar un servicio excepcional en cada visita.<\/p><\/div><\/div>\t\t<\/div>\n\t\t\t\t<\/div>\n\t\t\t\t<\/div>\n\t\t\t\t<\/div>\n\t\t\t\t\t<\/div>\n\t\t\t\t<\/div>\n\t\t\t\t\t\t\t<\/div>\n\t\t","protected":false},"excerpt":{"rendered":"<p>SOBRE NOSOTRoS Instituto de Belleza Rose Marie Torregrosa \u00bfQuienes somos? rOSE-MARIE Esteticista desde muy joven y ahora con 40 a\u00f1os de experiencia no ha perdido la ilusi\u00f3n por aprender, estar siempre al d\u00eda y seguir aconsejando a sus clientas, que muchas de ellas la acompa\u00f1an desde su inicio. Le encanta asesorar a sus clientas para &hellip;<\/p>\n<p class=\"read-more\"> <a class=\"\" href=\"https:\/\/www.rosemarietorregrosa.com\/index.php\/sobre-nosotros\/\"> <span class=\"screen-reader-text\">Sobre nosotros<\/span> Leer m\u00e1s &raquo;<\/a><\/p>\n","protected":false},"author":1,"featured_media":0,"parent":0,"menu_order":0,"comment_status":"closed","ping_status":"closed","template":"","meta":{"site-sidebar-layout":"no-sidebar","site-content-layout":"page-builder","ast-site-content-layout":"","site-content-style":"default","site-sidebar-style":"default","ast-global-header-display":"","ast-banner-title-visibility":"","ast-main-header-display":"","ast-hfb-above-header-display":"","ast-hfb-below-header-display":"","ast-hfb-mobile-header-display":"","site-post-title":"disabled","ast-breadcrumbs-content":"","ast-featured-img":"disabled","footer-sml-layout":"","theme-transparent-header-meta":"","adv-header-id-meta":"","stick-header-meta":"","header-above-stick-meta":"","header-main-stick-meta":"","header-below-stick-meta":"","astra-migrate-meta-layouts":"","_joinchat":[],"footnotes":""},"class_list":["post-135","page","type-page","status-publish","hentry"],"_links":{"self":[{"href":"https:\/\/www.rosemarietorregrosa.com\/index.php\/wp-json\/wp\/v2\/pages\/135","targetHints":{"allow":["GET"]}}],"collection":[{"href":"https:\/\/www.rosemarietorregrosa.com\/index.php\/wp-json\/wp\/v2\/pages"}],"about":[{"href":"https:\/\/www.rosemarietorregrosa.com\/index.php\/wp-json\/wp\/v2\/types\/page"}],"author":[{"embeddable":true,"href":"https:\/\/www.rosemarietorregrosa.com\/index.php\/wp-json\/wp\/v2\/users\/1"}],"replies":[{"embeddable":true,"href":"https:\/\/www.rosemarietorregrosa.com\/index.php\/wp-json\/wp\/v2\/comments?post=135"}],"version-history":[{"count":70,"href":"https:\/\/www.rosemarietorregrosa.com\/index.php\/wp-json\/wp\/v2\/pages\/135\/revisions"}],"predecessor-version":[{"id":1027,"href":"https:\/\/www.rosemarietorregrosa.com\/index.php\/wp-json\/wp\/v2\/pages\/135\/revisions\/1027"}],"wp:attachment":[{"href":"https:\/\/www.rosemarietorregrosa.com\/index.php\/wp-json\/wp\/v2\/media?parent=135"}],"curies":[{"name":"wp","href":"https:\/\/api.w.org\/{rel}","templated":true}]}}