{"id":150,"date":"2023-04-24T20:34:21","date_gmt":"2023-04-24T18:34:21","guid":{"rendered":"http:\/\/www.rosemarietorregrosa.com\/?page_id=150"},"modified":"2023-05-07T16:32:03","modified_gmt":"2023-05-07T14:32:03","slug":"servicios","status":"publish","type":"page","link":"https:\/\/www.rosemarietorregrosa.com\/index.php\/servicios\/","title":{"rendered":"Servicios"},"content":{"rendered":"\t\t<div data-elementor-type=\"wp-page\" data-elementor-id=\"150\" class=\"elementor elementor-150\">\n\t\t\t\t\t\t\t<div class=\"elementor-element elementor-element-45dfc94c e-con-full animated-slow e-flex elementor-invisible e-con\" data-id=\"45dfc94c\" data-element_type=\"container\" data-settings=\"{&quot;background_background&quot;:&quot;classic&quot;,&quot;content_width&quot;:&quot;full&quot;,&quot;animation_delay&quot;:0.5,&quot;animation&quot;:&quot;zoomIn&quot;}\">\n\t\t<div class=\"elementor-element elementor-element-385cf6b9 e-con-full e-flex e-con\" data-id=\"385cf6b9\" data-element_type=\"container\" data-settings=\"{&quot;content_width&quot;:&quot;full&quot;}\">\n\t\t\t\t<div class=\"elementor-element elementor-element-3404e027 elementor-widget elementor-widget-image\" data-id=\"3404e027\" data-element_type=\"widget\" data-widget_type=\"image.default\">\n\t\t\t\t<div class=\"elementor-widget-container\">\n\t\t\t<style>\/*! elementor - v3.15.0 - 20-08-2023 *\/\n.elementor-widget-image{text-align:center}.elementor-widget-image a{display:inline-block}.elementor-widget-image a img[src$=\".svg\"]{width:48px}.elementor-widget-image img{vertical-align:middle;display:inline-block}<\/style>\t\t\t\t\t\t\t\t\t\t\t\t<img loading=\"lazy\" decoding=\"async\" width=\"1024\" height=\"683\" src=\"https:\/\/www.rosemarietorregrosa.com\/wp-content\/uploads\/2023\/04\/hermosa-joven-tocando-su-rostro-concepto-juventud-cuidado-piel-1024x683.jpg\" class=\"attachment-large size-large wp-image-444\" alt=\"\" srcset=\"https:\/\/www.rosemarietorregrosa.com\/wp-content\/uploads\/2023\/04\/hermosa-joven-tocando-su-rostro-concepto-juventud-cuidado-piel-1024x683.jpg 1024w, https:\/\/www.rosemarietorregrosa.com\/wp-content\/uploads\/2023\/04\/hermosa-joven-tocando-su-rostro-concepto-juventud-cuidado-piel-300x200.jpg 300w, https:\/\/www.rosemarietorregrosa.com\/wp-content\/uploads\/2023\/04\/hermosa-joven-tocando-su-rostro-concepto-juventud-cuidado-piel-768x512.jpg 768w, https:\/\/www.rosemarietorregrosa.com\/wp-content\/uploads\/2023\/04\/hermosa-joven-tocando-su-rostro-concepto-juventud-cuidado-piel-1536x1025.jpg 1536w, https:\/\/www.rosemarietorregrosa.com\/wp-content\/uploads\/2023\/04\/hermosa-joven-tocando-su-rostro-concepto-juventud-cuidado-piel-2048x1366.jpg 2048w\" sizes=\"auto, (max-width: 1024px) 100vw, 1024px\" \/>\t\t\t\t\t\t\t\t\t\t\t\t\t\t\t<\/div>\n\t\t\t\t<\/div>\n\t\t\t\t<\/div>\n\t\t<div class=\"elementor-element elementor-element-8204b64 e-con-full e-flex e-con\" data-id=\"8204b64\" data-element_type=\"container\" data-settings=\"{&quot;content_width&quot;:&quot;full&quot;}\">\n\t\t\t\t<div class=\"elementor-element elementor-element-39fe5bc1 elementor-widget elementor-widget-heading\" data-id=\"39fe5bc1\" data-element_type=\"widget\" data-widget_type=\"heading.default\">\n\t\t\t\t<div class=\"elementor-widget-container\">\n\t\t\t<style>\/*! elementor - v3.15.0 - 20-08-2023 *\/\n.elementor-heading-title{padding:0;margin:0;line-height:1}.elementor-widget-heading .elementor-heading-title[class*=elementor-size-]>a{color:inherit;font-size:inherit;line-height:inherit}.elementor-widget-heading .elementor-heading-title.elementor-size-small{font-size:15px}.elementor-widget-heading .elementor-heading-title.elementor-size-medium{font-size:19px}.elementor-widget-heading .elementor-heading-title.elementor-size-large{font-size:29px}.elementor-widget-heading .elementor-heading-title.elementor-size-xl{font-size:39px}.elementor-widget-heading .elementor-heading-title.elementor-size-xxl{font-size:59px}<\/style><h1 class=\"elementor-heading-title elementor-size-default\">Nuestros servicios<\/h1>\t\t<\/div>\n\t\t\t\t<\/div>\n\t\t\t\t<div class=\"elementor-element elementor-element-39dd7103 elementor-widget elementor-widget-text-editor\" data-id=\"39dd7103\" data-element_type=\"widget\" data-widget_type=\"text-editor.default\">\n\t\t\t\t<div class=\"elementor-widget-container\">\n\t\t\t<style>\/*! elementor - v3.15.0 - 20-08-2023 *\/\n.elementor-widget-text-editor.elementor-drop-cap-view-stacked .elementor-drop-cap{background-color:#69727d;color:#fff}.elementor-widget-text-editor.elementor-drop-cap-view-framed .elementor-drop-cap{color:#69727d;border:3px solid;background-color:transparent}.elementor-widget-text-editor:not(.elementor-drop-cap-view-default) .elementor-drop-cap{margin-top:8px}.elementor-widget-text-editor:not(.elementor-drop-cap-view-default) .elementor-drop-cap-letter{width:1em;height:1em}.elementor-widget-text-editor .elementor-drop-cap{float:left;text-align:center;line-height:1;font-size:50px}.elementor-widget-text-editor .elementor-drop-cap-letter{display:inline-block}<\/style>\t\t\t\t<p>Aqu\u00ed podr\u00e1 ver y acceder para informarse acerca de nuestros diferentes tipos de servicios.<\/p>\t\t\t\t\t\t<\/div>\n\t\t\t\t<\/div>\n\t\t\t\t<\/div>\n\t\t\t\t<\/div>\n\t\t<div class=\"elementor-element elementor-element-30e0e5c0 e-con-full animated-slow e-flex elementor-invisible e-con\" data-id=\"30e0e5c0\" data-element_type=\"container\" data-settings=\"{&quot;background_background&quot;:&quot;classic&quot;,&quot;content_width&quot;:&quot;full&quot;,&quot;animation&quot;:&quot;zoomIn&quot;,&quot;animation_delay&quot;:0.5}\">\n\t\t<div class=\"elementor-element elementor-element-cd23be e-con-full e-flex e-con\" data-id=\"cd23be\" data-element_type=\"container\" data-settings=\"{&quot;content_width&quot;:&quot;full&quot;}\">\n\t\t\t\t<div class=\"elementor-element elementor-element-4d22562d elementor-widget elementor-widget-heading\" data-id=\"4d22562d\" data-element_type=\"widget\" data-widget_type=\"heading.default\">\n\t\t\t\t<div class=\"elementor-widget-container\">\n\t\t\t<h2 class=\"elementor-heading-title elementor-size-default\">Tratamientos Faciales<\/h2>\t\t<\/div>\n\t\t\t\t<\/div>\n\t\t\t\t<div class=\"elementor-element elementor-element-7091d16a elementor-widget elementor-widget-text-editor\" data-id=\"7091d16a\" data-element_type=\"widget\" data-widget_type=\"text-editor.default\">\n\t\t\t\t<div class=\"elementor-widget-container\">\n\t\t\t\t\t\t\t<p>Un tratamiento facial es un procedimiento cosm\u00e9tico que se realiza en la piel del rostro con el objetivo de mejorar su apariencia y salud. Hay muchos tipos de tratamientos faciales, pero en general, implican la limpieza profunda, exfoliaci\u00f3n, hidrataci\u00f3n y nutrici\u00f3n de la piel para eliminar impurezas, mejorar la textura y la luminosidad, y reducir las arrugas y otros signos del envejecimiento.<\/p>\t\t\t\t\t\t<\/div>\n\t\t\t\t<\/div>\n\t\t\t\t<div class=\"elementor-element elementor-element-1bcf793 elementor-mobile-align-center elementor-align-center elementor-widget elementor-widget-button\" data-id=\"1bcf793\" data-element_type=\"widget\" data-widget_type=\"button.default\">\n\t\t\t\t<div class=\"elementor-widget-container\">\n\t\t\t\t\t<div class=\"elementor-button-wrapper\">\n\t\t\t<a class=\"elementor-button elementor-button-link elementor-size-sm\" href=\"http:\/\/www.rosemarietorregrosa.com\/index.php\/tratamientos-faciales\/\">\n\t\t\t\t\t\t<span class=\"elementor-button-content-wrapper\">\n\t\t\t\t\t\t<span class=\"elementor-button-text\">Leer m\u00e1s<\/span>\n\t\t<\/span>\n\t\t\t\t\t<\/a>\n\t\t<\/div>\n\t\t\t\t<\/div>\n\t\t\t\t<\/div>\n\t\t\t\t<\/div>\n\t\t<div class=\"elementor-element elementor-element-167264c2 e-con-full e-flex e-con\" data-id=\"167264c2\" data-element_type=\"container\" data-settings=\"{&quot;content_width&quot;:&quot;full&quot;}\">\n\t\t\t\t<div class=\"elementor-element elementor-element-3de54361 elementor-widget elementor-widget-image\" data-id=\"3de54361\" data-element_type=\"widget\" data-widget_type=\"image.default\">\n\t\t\t\t<div class=\"elementor-widget-container\">\n\t\t\t\t\t\t\t\t\t\t\t\t\t\t\t<img loading=\"lazy\" decoding=\"async\" width=\"1024\" height=\"683\" src=\"https:\/\/www.rosemarietorregrosa.com\/wp-content\/uploads\/2023\/04\/mujer-visitando-cosmetologa-realizando-procedimientos-rejuvenecimiento-1024x683.jpg\" class=\"attachment-large size-large wp-image-445\" alt=\"\" srcset=\"https:\/\/www.rosemarietorregrosa.com\/wp-content\/uploads\/2023\/04\/mujer-visitando-cosmetologa-realizando-procedimientos-rejuvenecimiento-1024x683.jpg 1024w, https:\/\/www.rosemarietorregrosa.com\/wp-content\/uploads\/2023\/04\/mujer-visitando-cosmetologa-realizando-procedimientos-rejuvenecimiento-300x200.jpg 300w, https:\/\/www.rosemarietorregrosa.com\/wp-content\/uploads\/2023\/04\/mujer-visitando-cosmetologa-realizando-procedimientos-rejuvenecimiento-768x512.jpg 768w, https:\/\/www.rosemarietorregrosa.com\/wp-content\/uploads\/2023\/04\/mujer-visitando-cosmetologa-realizando-procedimientos-rejuvenecimiento-1536x1024.jpg 1536w, https:\/\/www.rosemarietorregrosa.com\/wp-content\/uploads\/2023\/04\/mujer-visitando-cosmetologa-realizando-procedimientos-rejuvenecimiento-2048x1365.jpg 2048w\" sizes=\"auto, (max-width: 1024px) 100vw, 1024px\" \/>\t\t\t\t\t\t\t\t\t\t\t\t\t\t\t<\/div>\n\t\t\t\t<\/div>\n\t\t\t\t<\/div>\n\t\t\t\t<\/div>\n\t\t<div class=\"elementor-element elementor-element-4f36db8e e-con-full animated-slow e-flex elementor-invisible e-con\" data-id=\"4f36db8e\" data-element_type=\"container\" data-settings=\"{&quot;background_background&quot;:&quot;classic&quot;,&quot;content_width&quot;:&quot;full&quot;,&quot;animation&quot;:&quot;zoomIn&quot;,&quot;animation_delay&quot;:0.5}\">\n\t\t<div class=\"elementor-element elementor-element-63d81fb5 e-con-full e-flex e-con\" data-id=\"63d81fb5\" data-element_type=\"container\" data-settings=\"{&quot;content_width&quot;:&quot;full&quot;}\">\n\t\t\t\t<div class=\"elementor-element elementor-element-605a9773 elementor-widget elementor-widget-heading\" data-id=\"605a9773\" data-element_type=\"widget\" data-widget_type=\"heading.default\">\n\t\t\t\t<div class=\"elementor-widget-container\">\n\t\t\t<h2 class=\"elementor-heading-title elementor-size-default\">Aparatolog\u00eda<\/h2>\t\t<\/div>\n\t\t\t\t<\/div>\n\t\t\t\t<div class=\"elementor-element elementor-element-7849fab6 elementor-widget elementor-widget-text-editor\" data-id=\"7849fab6\" data-element_type=\"widget\" data-widget_type=\"text-editor.default\">\n\t\t\t\t<div class=\"elementor-widget-container\">\n\t\t\t\t\t\t\t<p>La aparatolog\u00eda en est\u00e9tica se refiere a la utilizaci\u00f3n de diversos dispositivos electr\u00f3nicos o mec\u00e1nicos para mejorar la apariencia y salud de la piel y el cuerpo. Estos dispositivos pueden ser utilizados en tratamientos faciales, corporales y capilares, y se utilizan para tratar una amplia variedad de problemas est\u00e9ticos.<\/p>\t\t\t\t\t\t<\/div>\n\t\t\t\t<\/div>\n\t\t\t\t<div class=\"elementor-element elementor-element-ce72db2 elementor-mobile-align-center elementor-align-center elementor-widget elementor-widget-button\" data-id=\"ce72db2\" data-element_type=\"widget\" data-widget_type=\"button.default\">\n\t\t\t\t<div class=\"elementor-widget-container\">\n\t\t\t\t\t<div class=\"elementor-button-wrapper\">\n\t\t\t<a class=\"elementor-button elementor-button-link elementor-size-sm\" href=\"http:\/\/www.rosemarietorregrosa.com\/index.php\/aparatologia\/\">\n\t\t\t\t\t\t<span class=\"elementor-button-content-wrapper\">\n\t\t\t\t\t\t<span class=\"elementor-button-text\">Leer m\u00e1s<\/span>\n\t\t<\/span>\n\t\t\t\t\t<\/a>\n\t\t<\/div>\n\t\t\t\t<\/div>\n\t\t\t\t<\/div>\n\t\t\t\t<\/div>\n\t\t<div class=\"elementor-element elementor-element-6eb4a322 e-con-full e-flex e-con\" data-id=\"6eb4a322\" data-element_type=\"container\" data-settings=\"{&quot;content_width&quot;:&quot;full&quot;}\">\n\t\t\t\t<div class=\"elementor-element elementor-element-66a9d9d4 elementor-widget elementor-widget-image\" data-id=\"66a9d9d4\" data-element_type=\"widget\" data-widget_type=\"image.default\">\n\t\t\t\t<div class=\"elementor-widget-container\">\n\t\t\t\t\t\t\t\t\t\t\t\t\t\t\t<img loading=\"lazy\" decoding=\"async\" width=\"1024\" height=\"683\" src=\"https:\/\/www.rosemarietorregrosa.com\/wp-content\/uploads\/2023\/04\/depilacion-laser-terapia-depilacion-1024x683.jpg\" class=\"attachment-large size-large wp-image-446\" alt=\"\" srcset=\"https:\/\/www.rosemarietorregrosa.com\/wp-content\/uploads\/2023\/04\/depilacion-laser-terapia-depilacion-1024x683.jpg 1024w, https:\/\/www.rosemarietorregrosa.com\/wp-content\/uploads\/2023\/04\/depilacion-laser-terapia-depilacion-300x200.jpg 300w, https:\/\/www.rosemarietorregrosa.com\/wp-content\/uploads\/2023\/04\/depilacion-laser-terapia-depilacion-768x512.jpg 768w, https:\/\/www.rosemarietorregrosa.com\/wp-content\/uploads\/2023\/04\/depilacion-laser-terapia-depilacion-1536x1024.jpg 1536w, https:\/\/www.rosemarietorregrosa.com\/wp-content\/uploads\/2023\/04\/depilacion-laser-terapia-depilacion-2048x1366.jpg 2048w\" sizes=\"auto, (max-width: 1024px) 100vw, 1024px\" \/>\t\t\t\t\t\t\t\t\t\t\t\t\t\t\t<\/div>\n\t\t\t\t<\/div>\n\t\t\t\t<\/div>\n\t\t\t\t<\/div>\n\t\t<div class=\"elementor-element elementor-element-203e253e e-con-full animated-slow e-flex elementor-invisible e-con\" data-id=\"203e253e\" data-element_type=\"container\" data-settings=\"{&quot;background_background&quot;:&quot;classic&quot;,&quot;content_width&quot;:&quot;full&quot;,&quot;animation&quot;:&quot;zoomIn&quot;,&quot;animation_delay&quot;:0.5}\">\n\t\t<div class=\"elementor-element elementor-element-78feca10 e-con-full e-flex e-con\" data-id=\"78feca10\" data-element_type=\"container\" data-settings=\"{&quot;content_width&quot;:&quot;full&quot;}\">\n\t\t\t\t<div class=\"elementor-element elementor-element-140ba273 elementor-widget elementor-widget-heading\" data-id=\"140ba273\" data-element_type=\"widget\" data-widget_type=\"heading.default\">\n\t\t\t\t<div class=\"elementor-widget-container\">\n\t\t\t<h2 class=\"elementor-heading-title elementor-size-default\">Masajes<\/h2>\t\t<\/div>\n\t\t\t\t<\/div>\n\t\t\t\t<div class=\"elementor-element elementor-element-8d22500 elementor-widget elementor-widget-text-editor\" data-id=\"8d22500\" data-element_type=\"widget\" data-widget_type=\"text-editor.default\">\n\t\t\t\t<div class=\"elementor-widget-container\">\n\t\t\t\t\t\t\t<p>Los masajes en est\u00e9tica son t\u00e9cnicas manuales o mec\u00e1nicas que se utilizan para mejorar la apariencia y salud de la piel y el cuerpo. Los masajes pueden ser realizados en diferentes partes del cuerpo, como la cara, el cuello, los hombros, la espalda, los brazos, las piernas y los pies<\/p>\t\t\t\t\t\t<\/div>\n\t\t\t\t<\/div>\n\t\t\t\t<div class=\"elementor-element elementor-element-ea75566 elementor-mobile-align-center elementor-align-center elementor-widget elementor-widget-button\" data-id=\"ea75566\" data-element_type=\"widget\" data-widget_type=\"button.default\">\n\t\t\t\t<div class=\"elementor-widget-container\">\n\t\t\t\t\t<div class=\"elementor-button-wrapper\">\n\t\t\t<a class=\"elementor-button elementor-button-link elementor-size-sm\" href=\"http:\/\/www.rosemarietorregrosa.com\/index.php\/masajes\/\">\n\t\t\t\t\t\t<span class=\"elementor-button-content-wrapper\">\n\t\t\t\t\t\t<span class=\"elementor-button-text\">Leer m\u00e1s<\/span>\n\t\t<\/span>\n\t\t\t\t\t<\/a>\n\t\t<\/div>\n\t\t\t\t<\/div>\n\t\t\t\t<\/div>\n\t\t\t\t<\/div>\n\t\t<div class=\"elementor-element elementor-element-317498ce e-con-full e-flex e-con\" data-id=\"317498ce\" data-element_type=\"container\" data-settings=\"{&quot;content_width&quot;:&quot;full&quot;}\">\n\t\t\t\t<div class=\"elementor-element elementor-element-3f143fb elementor-widget elementor-widget-image\" data-id=\"3f143fb\" data-element_type=\"widget\" data-widget_type=\"image.default\">\n\t\t\t\t<div class=\"elementor-widget-container\">\n\t\t\t\t\t\t\t\t\t\t\t\t\t\t\t<img loading=\"lazy\" decoding=\"async\" width=\"1024\" height=\"683\" src=\"https:\/\/www.rosemarietorregrosa.com\/wp-content\/uploads\/2023\/04\/vista-lateral-mujer-recibiendo-masajes-spa-1-1024x683.jpg\" class=\"attachment-large size-large wp-image-41\" alt=\"\" srcset=\"https:\/\/www.rosemarietorregrosa.com\/wp-content\/uploads\/2023\/04\/vista-lateral-mujer-recibiendo-masajes-spa-1-1024x683.jpg 1024w, https:\/\/www.rosemarietorregrosa.com\/wp-content\/uploads\/2023\/04\/vista-lateral-mujer-recibiendo-masajes-spa-1-300x200.jpg 300w, https:\/\/www.rosemarietorregrosa.com\/wp-content\/uploads\/2023\/04\/vista-lateral-mujer-recibiendo-masajes-spa-1-768x512.jpg 768w, https:\/\/www.rosemarietorregrosa.com\/wp-content\/uploads\/2023\/04\/vista-lateral-mujer-recibiendo-masajes-spa-1-1536x1024.jpg 1536w, https:\/\/www.rosemarietorregrosa.com\/wp-content\/uploads\/2023\/04\/vista-lateral-mujer-recibiendo-masajes-spa-1-2048x1365.jpg 2048w\" sizes=\"auto, (max-width: 1024px) 100vw, 1024px\" \/>\t\t\t\t\t\t\t\t\t\t\t\t\t\t\t<\/div>\n\t\t\t\t<\/div>\n\t\t\t\t<\/div>\n\t\t\t\t<\/div>\n\t\t<div class=\"elementor-element elementor-element-64e0b4f7 animated-slow e-flex e-con-boxed elementor-invisible e-con\" data-id=\"64e0b4f7\" data-element_type=\"container\" data-settings=\"{&quot;background_background&quot;:&quot;classic&quot;,&quot;animation&quot;:&quot;zoomIn&quot;,&quot;animation_delay&quot;:0.5,&quot;content_width&quot;:&quot;boxed&quot;}\">\n\t\t\t\t\t<div class=\"e-con-inner\">\n\t\t\t\t<div class=\"elementor-element elementor-element-259c7e8b elementor-widget elementor-widget-heading\" data-id=\"259c7e8b\" data-element_type=\"widget\" data-widget_type=\"heading.default\">\n\t\t\t\t<div class=\"elementor-widget-container\">\n\t\t\t<h3 class=\"elementor-heading-title elementor-size-default\">\u00bfQuieres reservar alguno de ellos?<\/h3>\t\t<\/div>\n\t\t\t\t<\/div>\n\t\t\t\t<div class=\"elementor-element elementor-element-584e81fe elementor-widget elementor-widget-text-editor\" data-id=\"584e81fe\" data-element_type=\"widget\" data-widget_type=\"text-editor.default\">\n\t\t\t\t<div class=\"elementor-widget-container\">\n\t\t\t\t\t\t\t<p>No pierdas tiempo entonces y pulsa en el bot\u00f3n para contactarnos.<\/p>\t\t\t\t\t\t<\/div>\n\t\t\t\t<\/div>\n\t\t\t\t<div class=\"elementor-element elementor-element-7f5ad4a elementor-mobile-align-center elementor-align-center elementor-widget elementor-widget-button\" data-id=\"7f5ad4a\" data-element_type=\"widget\" data-widget_type=\"button.default\">\n\t\t\t\t<div class=\"elementor-widget-container\">\n\t\t\t\t\t<div class=\"elementor-button-wrapper\">\n\t\t\t<a class=\"elementor-button elementor-button-link elementor-size-sm\" href=\"http:\/\/www.rosemarietorregrosa.com\/index.php\/contactanos\/\">\n\t\t\t\t\t\t<span class=\"elementor-button-content-wrapper\">\n\t\t\t\t\t\t<span class=\"elementor-button-text\">Cont\u00e1ctanos<\/span>\n\t\t<\/span>\n\t\t\t\t\t<\/a>\n\t\t<\/div>\n\t\t\t\t<\/div>\n\t\t\t\t<\/div>\n\t\t\t\t\t<\/div>\n\t\t\t\t<\/div>\n\t\t\t\t\t\t\t<\/div>\n\t\t","protected":false},"excerpt":{"rendered":"<p>Nuestros servicios Aqu\u00ed podr\u00e1 ver y acceder para informarse acerca de nuestros diferentes tipos de servicios. Tratamientos Faciales Un tratamiento facial es un procedimiento cosm\u00e9tico que se realiza en la piel del rostro con el objetivo de mejorar su apariencia y salud. Hay muchos tipos de tratamientos faciales, pero en general, implican la limpieza profunda, &hellip;<\/p>\n<p class=\"read-more\"> <a class=\"\" href=\"https:\/\/www.rosemarietorregrosa.com\/index.php\/servicios\/\"> <span class=\"screen-reader-text\">Servicios<\/span> Leer m\u00e1s &raquo;<\/a><\/p>\n","protected":false},"author":1,"featured_media":0,"parent":0,"menu_order":0,"comment_status":"closed","ping_status":"closed","template":"","meta":{"site-sidebar-layout":"no-sidebar","site-content-layout":"page-builder","ast-site-content-layout":"","site-content-style":"default","site-sidebar-style":"default","ast-global-header-display":"","ast-banner-title-visibility":"","ast-main-header-display":"","ast-hfb-above-header-display":"","ast-hfb-below-header-display":"","ast-hfb-mobile-header-display":"","site-post-title":"disabled","ast-breadcrumbs-content":"","ast-featured-img":"disabled","footer-sml-layout":"","theme-transparent-header-meta":"","adv-header-id-meta":"","stick-header-meta":"","header-above-stick-meta":"","header-main-stick-meta":"","header-below-stick-meta":"","astra-migrate-meta-layouts":"","_joinchat":[],"footnotes":""},"class_list":["post-150","page","type-page","status-publish","hentry"],"_links":{"self":[{"href":"https:\/\/www.rosemarietorregrosa.com\/index.php\/wp-json\/wp\/v2\/pages\/150","targetHints":{"allow":["GET"]}}],"collection":[{"href":"https:\/\/www.rosemarietorregrosa.com\/index.php\/wp-json\/wp\/v2\/pages"}],"about":[{"href":"https:\/\/www.rosemarietorregrosa.com\/index.php\/wp-json\/wp\/v2\/types\/page"}],"author":[{"embeddable":true,"href":"https:\/\/www.rosemarietorregrosa.com\/index.php\/wp-json\/wp\/v2\/users\/1"}],"replies":[{"embeddable":true,"href":"https:\/\/www.rosemarietorregrosa.com\/index.php\/wp-json\/wp\/v2\/comments?post=150"}],"version-history":[{"count":40,"href":"https:\/\/www.rosemarietorregrosa.com\/index.php\/wp-json\/wp\/v2\/pages\/150\/revisions"}],"predecessor-version":[{"id":786,"href":"https:\/\/www.rosemarietorregrosa.com\/index.php\/wp-json\/wp\/v2\/pages\/150\/revisions\/786"}],"wp:attachment":[{"href":"https:\/\/www.rosemarietorregrosa.com\/index.php\/wp-json\/wp\/v2\/media?parent=150"}],"curies":[{"name":"wp","href":"https:\/\/api.w.org\/{rel}","templated":true}]}}