{"id":431,"date":"2023-04-25T13:24:01","date_gmt":"2023-04-25T11:24:01","guid":{"rendered":"http:\/\/www.rosemarietorregrosa.com\/?page_id=431"},"modified":"2023-07-05T15:13:06","modified_gmt":"2023-07-05T13:13:06","slug":"aparatologia","status":"publish","type":"page","link":"https:\/\/www.rosemarietorregrosa.com\/index.php\/aparatologia\/","title":{"rendered":"Aparatolog\u00eda"},"content":{"rendered":"\t\t<div data-elementor-type=\"wp-page\" data-elementor-id=\"431\" class=\"elementor elementor-431\">\n\t\t\t\t\t\t\t<div class=\"elementor-element elementor-element-7dc3a7f e-con-full animated-fast e-flex elementor-invisible e-con\" data-id=\"7dc3a7f\" data-element_type=\"container\" data-settings=\"{&quot;content_width&quot;:&quot;full&quot;,&quot;animation&quot;:&quot;zoomIn&quot;}\">\n\t\t\t\t<div class=\"elementor-element elementor-element-f34960f elementor-widget elementor-widget-image\" data-id=\"f34960f\" data-element_type=\"widget\" data-widget_type=\"image.default\">\n\t\t\t\t<div class=\"elementor-widget-container\">\n\t\t\t<style>\/*! elementor - v3.15.0 - 20-08-2023 *\/\n.elementor-widget-image{text-align:center}.elementor-widget-image a{display:inline-block}.elementor-widget-image a img[src$=\".svg\"]{width:48px}.elementor-widget-image img{vertical-align:middle;display:inline-block}<\/style>\t\t\t\t\t\t\t\t\t\t\t\t<img loading=\"lazy\" decoding=\"async\" width=\"581\" height=\"387\" src=\"https:\/\/www.rosemarietorregrosa.com\/wp-content\/uploads\/2023\/06\/radiofrecuencia.png\" class=\"attachment-medium_large size-medium_large wp-image-917\" alt=\"\" srcset=\"https:\/\/www.rosemarietorregrosa.com\/wp-content\/uploads\/2023\/06\/radiofrecuencia.png 581w, https:\/\/www.rosemarietorregrosa.com\/wp-content\/uploads\/2023\/06\/radiofrecuencia-300x200.png 300w\" sizes=\"auto, (max-width: 581px) 100vw, 581px\" \/>\t\t\t\t\t\t\t\t\t\t\t\t\t\t\t<\/div>\n\t\t\t\t<\/div>\n\t\t<div class=\"elementor-element elementor-element-9ad3682 e-con-full e-flex e-con\" data-id=\"9ad3682\" data-element_type=\"container\" data-settings=\"{&quot;content_width&quot;:&quot;full&quot;}\">\n\t\t\t\t<div class=\"elementor-element elementor-element-7b08242 elementor-widget elementor-widget-heading\" data-id=\"7b08242\" data-element_type=\"widget\" data-widget_type=\"heading.default\">\n\t\t\t\t<div class=\"elementor-widget-container\">\n\t\t\t<style>\/*! elementor - v3.15.0 - 20-08-2023 *\/\n.elementor-heading-title{padding:0;margin:0;line-height:1}.elementor-widget-heading .elementor-heading-title[class*=elementor-size-]>a{color:inherit;font-size:inherit;line-height:inherit}.elementor-widget-heading .elementor-heading-title.elementor-size-small{font-size:15px}.elementor-widget-heading .elementor-heading-title.elementor-size-medium{font-size:19px}.elementor-widget-heading .elementor-heading-title.elementor-size-large{font-size:29px}.elementor-widget-heading .elementor-heading-title.elementor-size-xl{font-size:39px}.elementor-widget-heading .elementor-heading-title.elementor-size-xxl{font-size:59px}<\/style><h2 class=\"elementor-heading-title elementor-size-default\">Radiofrecuencia<\/h2>\t\t<\/div>\n\t\t\t\t<\/div>\n\t\t\t\t<div class=\"elementor-element elementor-element-2744f78 elementor-widget elementor-widget-text-editor\" data-id=\"2744f78\" data-element_type=\"widget\" data-widget_type=\"text-editor.default\">\n\t\t\t\t<div class=\"elementor-widget-container\">\n\t\t\t<style>\/*! elementor - v3.15.0 - 20-08-2023 *\/\n.elementor-widget-text-editor.elementor-drop-cap-view-stacked .elementor-drop-cap{background-color:#69727d;color:#fff}.elementor-widget-text-editor.elementor-drop-cap-view-framed .elementor-drop-cap{color:#69727d;border:3px solid;background-color:transparent}.elementor-widget-text-editor:not(.elementor-drop-cap-view-default) .elementor-drop-cap{margin-top:8px}.elementor-widget-text-editor:not(.elementor-drop-cap-view-default) .elementor-drop-cap-letter{width:1em;height:1em}.elementor-widget-text-editor .elementor-drop-cap{float:left;text-align:center;line-height:1;font-size:50px}.elementor-widget-text-editor .elementor-drop-cap-letter{display:inline-block}<\/style>\t\t\t\t<p class=\"MsoNormal\" style=\"text-align: justify; text-justify: inter-ideograph;\"><span style=\"font-size: 14.0pt; mso-bidi-font-size: 11.0pt; line-height: 115%; mso-ascii-font-family: Calibri; mso-fareast-font-family: Calibri; mso-hansi-font-family: Calibri; mso-bidi-font-family: Calibri;\">Radiofrecuencia bipolar que reafirma la piel, remodela el ovalo, mejora la elasticidad y difumina l\u00edneas de expresi\u00f3n tanto para facial como corporal. Adem\u00e1s tiene una funci\u00f3n descongestiva a nivel muscular, ideal para contracturas.<\/span><\/p>\t\t\t\t\t\t<\/div>\n\t\t\t\t<\/div>\n\t\t\t\t<\/div>\n\t\t\t\t<\/div>\n\t\t<div class=\"elementor-element elementor-element-f445c81 e-con-full animated-fast e-flex elementor-invisible e-con\" data-id=\"f445c81\" data-element_type=\"container\" data-settings=\"{&quot;content_width&quot;:&quot;full&quot;,&quot;animation&quot;:&quot;zoomIn&quot;}\">\n\t\t<div class=\"elementor-element elementor-element-87bdce7 e-con-full e-flex e-con\" data-id=\"87bdce7\" data-element_type=\"container\" data-settings=\"{&quot;content_width&quot;:&quot;full&quot;}\">\n\t\t\t\t<div class=\"elementor-element elementor-element-b61dfd8 elementor-widget elementor-widget-heading\" data-id=\"b61dfd8\" data-element_type=\"widget\" data-widget_type=\"heading.default\">\n\t\t\t\t<div class=\"elementor-widget-container\">\n\t\t\t<h2 class=\"elementor-heading-title elementor-size-default\">Titan - Electromagnetismo<\/h2>\t\t<\/div>\n\t\t\t\t<\/div>\n\t\t\t\t<div class=\"elementor-element elementor-element-1b7d2c5 elementor-widget elementor-widget-text-editor\" data-id=\"1b7d2c5\" data-element_type=\"widget\" data-widget_type=\"text-editor.default\">\n\t\t\t\t<div class=\"elementor-widget-container\">\n\t\t\t\t\t\t\t<p class=\"MsoNormal\" style=\"text-align: justify; text-justify: inter-ideograph;\"><span style=\"font-size: 14.0pt; mso-bidi-font-size: 11.0pt; line-height: 115%; mso-ascii-font-family: Calibri; mso-fareast-font-family: Calibri; mso-hansi-font-family: Calibri; mso-bidi-font-family: Calibri;\">Es un tipo de tratamiento de electromagnetismo que combina 3 tipos de corriente: electroestimulaci\u00f3n, electromagnetismo y corriente inductiva. Es capaz de romper la grasa, activar el metabolismo y producir una reafirmaci\u00f3n y tonicidad de los m\u00fasculos y tejidos del cuerpo.<\/span><\/p>\t\t\t\t\t\t<\/div>\n\t\t\t\t<\/div>\n\t\t\t\t<\/div>\n\t\t\t\t<div class=\"elementor-element elementor-element-7230fdb elementor-widget elementor-widget-image\" data-id=\"7230fdb\" data-element_type=\"widget\" data-widget_type=\"image.default\">\n\t\t\t\t<div class=\"elementor-widget-container\">\n\t\t\t\t\t\t\t\t\t\t\t\t\t\t\t<img loading=\"lazy\" decoding=\"async\" width=\"768\" height=\"526\" src=\"https:\/\/www.rosemarietorregrosa.com\/wp-content\/uploads\/2023\/06\/imagen_2023-06-12_161408600-768x526.png\" class=\"attachment-medium_large size-medium_large wp-image-919\" alt=\"\" srcset=\"https:\/\/www.rosemarietorregrosa.com\/wp-content\/uploads\/2023\/06\/imagen_2023-06-12_161408600-768x526.png 768w, https:\/\/www.rosemarietorregrosa.com\/wp-content\/uploads\/2023\/06\/imagen_2023-06-12_161408600-300x205.png 300w, https:\/\/www.rosemarietorregrosa.com\/wp-content\/uploads\/2023\/06\/imagen_2023-06-12_161408600.png 843w\" sizes=\"auto, (max-width: 768px) 100vw, 768px\" \/>\t\t\t\t\t\t\t\t\t\t\t\t\t\t\t<\/div>\n\t\t\t\t<\/div>\n\t\t\t\t<\/div>\n\t\t<div class=\"elementor-element elementor-element-304d85b e-con-full animated-fast e-flex elementor-invisible e-con\" data-id=\"304d85b\" data-element_type=\"container\" data-settings=\"{&quot;content_width&quot;:&quot;full&quot;,&quot;animation&quot;:&quot;zoomIn&quot;}\">\n\t\t\t\t<div class=\"elementor-element elementor-element-ee2d03b elementor-widget elementor-widget-image\" data-id=\"ee2d03b\" data-element_type=\"widget\" data-widget_type=\"image.default\">\n\t\t\t\t<div class=\"elementor-widget-container\">\n\t\t\t\t\t\t\t\t\t\t\t\t\t\t\t<img loading=\"lazy\" decoding=\"async\" width=\"676\" height=\"447\" src=\"https:\/\/www.rosemarietorregrosa.com\/wp-content\/uploads\/2023\/06\/imagen_2023-06-12_161719748.png\" class=\"attachment-medium_large size-medium_large wp-image-922\" alt=\"\" srcset=\"https:\/\/www.rosemarietorregrosa.com\/wp-content\/uploads\/2023\/06\/imagen_2023-06-12_161719748.png 676w, https:\/\/www.rosemarietorregrosa.com\/wp-content\/uploads\/2023\/06\/imagen_2023-06-12_161719748-300x198.png 300w\" sizes=\"auto, (max-width: 676px) 100vw, 676px\" \/>\t\t\t\t\t\t\t\t\t\t\t\t\t\t\t<\/div>\n\t\t\t\t<\/div>\n\t\t<div class=\"elementor-element elementor-element-ea0bfe6 e-con-full e-flex e-con\" data-id=\"ea0bfe6\" data-element_type=\"container\" data-settings=\"{&quot;content_width&quot;:&quot;full&quot;}\">\n\t\t\t\t<div class=\"elementor-element elementor-element-3706ce6 elementor-widget elementor-widget-heading\" data-id=\"3706ce6\" data-element_type=\"widget\" data-widget_type=\"heading.default\">\n\t\t\t\t<div class=\"elementor-widget-container\">\n\t\t\t<h2 class=\"elementor-heading-title elementor-size-default\">Presoterapia<\/h2>\t\t<\/div>\n\t\t\t\t<\/div>\n\t\t\t\t<div class=\"elementor-element elementor-element-bf9640c elementor-widget elementor-widget-text-editor\" data-id=\"bf9640c\" data-element_type=\"widget\" data-widget_type=\"text-editor.default\">\n\t\t\t\t<div class=\"elementor-widget-container\">\n\t\t\t\t\t\t\t<p class=\"MsoNormal\" style=\"text-align: justify; text-justify: inter-ideograph;\"><span style=\"font-size: 14.0pt; mso-bidi-font-size: 11.0pt; line-height: 115%; mso-ascii-font-family: Calibri; mso-fareast-font-family: Calibri; mso-hansi-font-family: Calibri; mso-bidi-font-family: Calibri;\">Consiste en aplicar presiones de aire, desde la punta de los pies hasta cervicales, para favorecer el drenaje linf\u00e1tico y mejorara la circulaci\u00f3n sangu\u00ednea. Promueve la oxigenaci\u00f3n de los tejidos. En combinaci\u00f3n con otros tratamientos est\u00e9ticos ayuda a eliminar la grasa, el l\u00edquido y otras toxinas que producen un mal funcionamiento de nuestro organismo.<\/span><\/p>\t\t\t\t\t\t<\/div>\n\t\t\t\t<\/div>\n\t\t\t\t<\/div>\n\t\t\t\t<\/div>\n\t\t<div class=\"elementor-element elementor-element-669a4f6 e-con-full animated-fast e-flex elementor-invisible e-con\" data-id=\"669a4f6\" data-element_type=\"container\" data-settings=\"{&quot;content_width&quot;:&quot;full&quot;,&quot;animation&quot;:&quot;zoomIn&quot;}\">\n\t\t<div class=\"elementor-element elementor-element-90ded16 e-con-full e-flex e-con\" data-id=\"90ded16\" data-element_type=\"container\" data-settings=\"{&quot;content_width&quot;:&quot;full&quot;}\">\n\t\t\t\t<div class=\"elementor-element elementor-element-092263f elementor-widget elementor-widget-heading\" data-id=\"092263f\" data-element_type=\"widget\" data-widget_type=\"heading.default\">\n\t\t\t\t<div class=\"elementor-widget-container\">\n\t\t\t<h2 class=\"elementor-heading-title elementor-size-default\">Alta Frecuencia<\/h2>\t\t<\/div>\n\t\t\t\t<\/div>\n\t\t\t\t<div class=\"elementor-element elementor-element-3a69354 elementor-widget elementor-widget-text-editor\" data-id=\"3a69354\" data-element_type=\"widget\" data-widget_type=\"text-editor.default\">\n\t\t\t\t<div class=\"elementor-widget-container\">\n\t\t\t\t\t\t\t<p class=\"MsoNormal\" style=\"text-align: justify; text-justify: inter-ideograph;\"><span style=\"font-size: 14.0pt; mso-bidi-font-size: 11.0pt; line-height: 115%; mso-ascii-font-family: Calibri; mso-fareast-font-family: Calibri; mso-hansi-font-family: Calibri; mso-bidi-font-family: Calibri;\">Electrodos de cristal que oxigenan y purifican la piel, evitando la proliferaci\u00f3n de bacterias y es ideal en tratamientos de acn\u00e9.<\/span><\/p>\t\t\t\t\t\t<\/div>\n\t\t\t\t<\/div>\n\t\t\t\t<\/div>\n\t\t\t\t<div class=\"elementor-element elementor-element-582260d elementor-widget elementor-widget-image\" data-id=\"582260d\" data-element_type=\"widget\" data-widget_type=\"image.default\">\n\t\t\t\t<div class=\"elementor-widget-container\">\n\t\t\t\t\t\t\t\t\t\t\t\t\t\t\t<img loading=\"lazy\" decoding=\"async\" width=\"700\" height=\"491\" src=\"https:\/\/www.rosemarietorregrosa.com\/wp-content\/uploads\/2023\/06\/alta-frecuencia.png\" class=\"attachment-medium_large size-medium_large wp-image-927\" alt=\"\" srcset=\"https:\/\/www.rosemarietorregrosa.com\/wp-content\/uploads\/2023\/06\/alta-frecuencia.png 700w, https:\/\/www.rosemarietorregrosa.com\/wp-content\/uploads\/2023\/06\/alta-frecuencia-300x210.png 300w\" sizes=\"auto, (max-width: 700px) 100vw, 700px\" \/>\t\t\t\t\t\t\t\t\t\t\t\t\t\t\t<\/div>\n\t\t\t\t<\/div>\n\t\t\t\t<\/div>\n\t\t<div class=\"elementor-element elementor-element-012c0eb e-con-full animated-fast e-flex elementor-invisible e-con\" data-id=\"012c0eb\" data-element_type=\"container\" data-settings=\"{&quot;content_width&quot;:&quot;full&quot;,&quot;animation&quot;:&quot;zoomIn&quot;}\">\n\t\t\t\t<div class=\"elementor-element elementor-element-631b28c elementor-widget elementor-widget-image\" data-id=\"631b28c\" data-element_type=\"widget\" data-widget_type=\"image.default\">\n\t\t\t\t<div class=\"elementor-widget-container\">\n\t\t\t\t\t\t\t\t\t\t\t\t\t\t\t<img decoding=\"async\" src=\"https:\/\/www.rosemarietorregrosa.com\/wp-content\/uploads\/2023\/07\/Imagen-de-WhatsApp-2023-07-05-a-las-11.38.03.jpg\" title=\"Imagen de WhatsApp 2023-07-05 a las 11.38.03\" alt=\"Imagen de WhatsApp 2023-07-05 a las 11.38.03\" loading=\"lazy\" \/>\t\t\t\t\t\t\t\t\t\t\t\t\t\t\t<\/div>\n\t\t\t\t<\/div>\n\t\t<div class=\"elementor-element elementor-element-bd1a8bb e-con-full e-flex e-con\" data-id=\"bd1a8bb\" data-element_type=\"container\" data-settings=\"{&quot;content_width&quot;:&quot;full&quot;}\">\n\t\t\t\t<div class=\"elementor-element elementor-element-8a77d6a elementor-widget elementor-widget-heading\" data-id=\"8a77d6a\" data-element_type=\"widget\" data-widget_type=\"heading.default\">\n\t\t\t\t<div class=\"elementor-widget-container\">\n\t\t\t<h2 class=\"elementor-heading-title elementor-size-default\">Depilaci\u00f3n el\u00e9ctrica<\/h2>\t\t<\/div>\n\t\t\t\t<\/div>\n\t\t\t\t<div class=\"elementor-element elementor-element-52765ac elementor-widget elementor-widget-text-editor\" data-id=\"52765ac\" data-element_type=\"widget\" data-widget_type=\"text-editor.default\">\n\t\t\t\t<div class=\"elementor-widget-container\">\n\t\t\t\t\t\t\t<p class=\"MsoNormal\" style=\"text-align: justify; text-justify: inter-ideograph;\"><span style=\"font-size: 14.0pt; mso-bidi-font-size: 11.0pt; line-height: 115%; mso-ascii-font-family: Calibri; mso-fareast-font-family: Calibri; mso-hansi-font-family: Calibri; mso-bidi-font-family: Calibri;\">T\u00e9cnica de depilaci\u00f3n que utiliza la corriente el\u00e9ctrica, canaliza a trav\u00e9s de un filamento para destruir el fol\u00edculo piloso. Es una t\u00e9cnica que sigue siendo vigente principalmente cuando queremos eliminar definitivamente el velo facial, sobre todo el pelo cano incapaz de ser eliminado con l\u00e1ser.<\/span><\/p>\t\t\t\t\t\t<\/div>\n\t\t\t\t<\/div>\n\t\t\t\t<\/div>\n\t\t\t\t<\/div>\n\t\t<div class=\"elementor-element elementor-element-221c7f0 e-con-full animated-fast e-flex elementor-invisible e-con\" data-id=\"221c7f0\" data-element_type=\"container\" data-settings=\"{&quot;content_width&quot;:&quot;full&quot;,&quot;animation&quot;:&quot;zoomIn&quot;}\">\n\t\t<div class=\"elementor-element elementor-element-220b9ef e-con-full e-flex e-con\" data-id=\"220b9ef\" data-element_type=\"container\" data-settings=\"{&quot;content_width&quot;:&quot;full&quot;}\">\n\t\t\t\t<div class=\"elementor-element elementor-element-1109642 elementor-widget elementor-widget-heading\" data-id=\"1109642\" data-element_type=\"widget\" data-widget_type=\"heading.default\">\n\t\t\t\t<div class=\"elementor-widget-container\">\n\t\t\t<h2 class=\"elementor-heading-title elementor-size-default\">Rollaction<\/h2>\t\t<\/div>\n\t\t\t\t<\/div>\n\t\t\t\t<div class=\"elementor-element elementor-element-0f82067 elementor-widget elementor-widget-text-editor\" data-id=\"0f82067\" data-element_type=\"widget\" data-widget_type=\"text-editor.default\">\n\t\t\t\t<div class=\"elementor-widget-container\">\n\t\t\t\t\t\t\t<p class=\"MsoNormal\" style=\"text-align: justify; text-justify: inter-ideograph;\"><span style=\"font-size: 14.0pt; mso-bidi-font-size: 11.0pt; line-height: 115%; mso-ascii-font-family: Calibri; mso-fareast-font-family: Calibri; mso-hansi-font-family: Calibri; mso-bidi-font-family: Calibri;\">Novedoso y exclusivo sistema de masaje fisio-activo. Su tecnolog\u00eda est\u00e1 inspirada en los movimientos profesionales de las manos del masajista. Ideal en tratamientos de p\u00e9rdida de volumen, celulitis, remodelaci\u00f3n de todo el cuerpo con la ventada de que no produce flacidez.<\/span><\/p>\t\t\t\t\t\t<\/div>\n\t\t\t\t<\/div>\n\t\t\t\t<\/div>\n\t\t\t\t<div class=\"elementor-element elementor-element-21ef0a7 elementor-widget elementor-widget-image\" data-id=\"21ef0a7\" data-element_type=\"widget\" data-widget_type=\"image.default\">\n\t\t\t\t<div class=\"elementor-widget-container\">\n\t\t\t\t\t\t\t\t\t\t\t\t\t\t\t<img loading=\"lazy\" decoding=\"async\" width=\"768\" height=\"432\" src=\"https:\/\/www.rosemarietorregrosa.com\/wp-content\/uploads\/2023\/05\/ross-rollaction-01-768x432.jpg\" class=\"attachment-medium_large size-medium_large wp-image-799\" alt=\"\" srcset=\"https:\/\/www.rosemarietorregrosa.com\/wp-content\/uploads\/2023\/05\/ross-rollaction-01-768x432.jpg 768w, https:\/\/www.rosemarietorregrosa.com\/wp-content\/uploads\/2023\/05\/ross-rollaction-01-300x169.jpg 300w, https:\/\/www.rosemarietorregrosa.com\/wp-content\/uploads\/2023\/05\/ross-rollaction-01-1024x576.jpg 1024w, https:\/\/www.rosemarietorregrosa.com\/wp-content\/uploads\/2023\/05\/ross-rollaction-01.jpg 1080w\" sizes=\"auto, (max-width: 768px) 100vw, 768px\" \/>\t\t\t\t\t\t\t\t\t\t\t\t\t\t\t<\/div>\n\t\t\t\t<\/div>\n\t\t\t\t<\/div>\n\t\t<div class=\"elementor-element elementor-element-c2b191c e-con-full animated-fast e-flex elementor-invisible e-con\" data-id=\"c2b191c\" data-element_type=\"container\" data-settings=\"{&quot;content_width&quot;:&quot;full&quot;,&quot;animation&quot;:&quot;zoomIn&quot;}\">\n\t\t\t\t<div class=\"elementor-element elementor-element-3dfa38c elementor-widget elementor-widget-image\" data-id=\"3dfa38c\" data-element_type=\"widget\" data-widget_type=\"image.default\">\n\t\t\t\t<div class=\"elementor-widget-container\">\n\t\t\t\t\t\t\t\t\t\t\t\t\t\t\t<img decoding=\"async\" src=\"https:\/\/www.rosemarietorregrosa.com\/wp-content\/uploads\/2023\/06\/depilacion-electrica2.png\" title=\"depilaci\u00f3n el\u00e9ctrica2\" alt=\"depilaci\u00f3n el\u00e9ctrica2\" loading=\"lazy\" \/>\t\t\t\t\t\t\t\t\t\t\t\t\t\t\t<\/div>\n\t\t\t\t<\/div>\n\t\t<div class=\"elementor-element elementor-element-78f6650 e-con-full e-flex e-con\" data-id=\"78f6650\" data-element_type=\"container\" data-settings=\"{&quot;content_width&quot;:&quot;full&quot;}\">\n\t\t\t\t<div class=\"elementor-element elementor-element-a0517bc elementor-widget elementor-widget-heading\" data-id=\"a0517bc\" data-element_type=\"widget\" data-widget_type=\"heading.default\">\n\t\t\t\t<div class=\"elementor-widget-container\">\n\t\t\t<h2 class=\"elementor-heading-title elementor-size-default\">Tratamiento de punta de diamante<\/h2>\t\t<\/div>\n\t\t\t\t<\/div>\n\t\t\t\t<div class=\"elementor-element elementor-element-6cdbc56 elementor-widget elementor-widget-text-editor\" data-id=\"6cdbc56\" data-element_type=\"widget\" data-widget_type=\"text-editor.default\">\n\t\t\t\t<div class=\"elementor-widget-container\">\n\t\t\t\t\t\t\t<p class=\"MsoNormal\" style=\"text-align: justify; text-justify: inter-ideograph;\"><span style=\"font-size: 18.6667px;\">Utilizamos la misma t\u00e9cnica que la limpieza facial pero incorporamos la punta de diamante. Es una manera de exfoliar la piel quitando las c\u00e9lulas muertas de manera no invasiva, de forma que la piel queda limpia, oxigenada y preparada para absorber los principios activos de cada tratamiento.<\/span><\/p>\t\t\t\t\t\t<\/div>\n\t\t\t\t<\/div>\n\t\t\t\t<\/div>\n\t\t\t\t<\/div>\n\t\t<div class=\"elementor-element elementor-element-7b2cf7e animated-slow e-flex e-con-boxed elementor-invisible e-con\" data-id=\"7b2cf7e\" data-element_type=\"container\" data-settings=\"{&quot;animation&quot;:&quot;zoomIn&quot;,&quot;content_width&quot;:&quot;boxed&quot;}\">\n\t\t\t\t\t<div class=\"e-con-inner\">\n\t\t<div class=\"elementor-element elementor-element-bdb770f e-con-full e-flex e-con\" data-id=\"bdb770f\" data-element_type=\"container\" data-settings=\"{&quot;content_width&quot;:&quot;full&quot;}\">\n\t\t\t\t<div class=\"elementor-element elementor-element-ba3400f elementor-widget elementor-widget-heading\" data-id=\"ba3400f\" data-element_type=\"widget\" data-widget_type=\"heading.default\">\n\t\t\t\t<div class=\"elementor-widget-container\">\n\t\t\t<h1 class=\"elementor-heading-title elementor-size-default\">Cont\u00e1ctenos<\/h1>\t\t<\/div>\n\t\t\t\t<\/div>\n\t\t\t\t<div class=\"elementor-element elementor-element-eb7591d elementor-widget elementor-widget-text-editor\" data-id=\"eb7591d\" data-element_type=\"widget\" data-widget_type=\"text-editor.default\">\n\t\t\t\t<div class=\"elementor-widget-container\">\n\t\t\t\t\t\t\t<p><span style=\"color: #324a6d; text-align: center;\">\u00bfLe ha interesado alguno de nuestros tratamientos faciales?\u00a0<\/span><span style=\"color: #324a6d; letter-spacing: 0px; text-align: center; word-spacing: 0em; background-color: var(--ast-global-color-5);\">No dude en contactarnos, tanto para informarse como pedirnos cita.\u00a0<\/span><\/p><p><span style=\"color: #324a6d; text-align: center;\">Puede enviarnos un correo, contactarnos por tel\u00e9fono al 965 15 95 36 o h\u00e1blenos por WhatsApp.<\/span><span style=\"color: #324a6d; letter-spacing: 0px; text-align: center; word-spacing: 0em; background-color: var(--ast-global-color-5);\"><br \/><\/span><\/p>\t\t\t\t\t\t<\/div>\n\t\t\t\t<\/div>\n\t\t\t\t<div class=\"elementor-element elementor-element-9cf3239 elementor-align-center elementor-mobile-align-center elementor-widget elementor-widget-button\" data-id=\"9cf3239\" data-element_type=\"widget\" data-widget_type=\"button.default\">\n\t\t\t\t<div class=\"elementor-widget-container\">\n\t\t\t\t\t<div class=\"elementor-button-wrapper\">\n\t\t\t<a class=\"elementor-button elementor-button-link elementor-size-sm\" href=\"http:\/\/www.rosemarietorregrosa.com\/index.php\/contactanos\/\">\n\t\t\t\t\t\t<span class=\"elementor-button-content-wrapper\">\n\t\t\t\t\t\t<span class=\"elementor-button-text\">Cont\u00e1ctanos<\/span>\n\t\t<\/span>\n\t\t\t\t\t<\/a>\n\t\t<\/div>\n\t\t\t\t<\/div>\n\t\t\t\t<\/div>\n\t\t\t\t<\/div>\n\t\t\t\t<div class=\"elementor-element elementor-element-4986bc7 elementor-widget elementor-widget-heading\" data-id=\"4986bc7\" data-element_type=\"widget\" data-widget_type=\"heading.default\">\n\t\t\t\t<div class=\"elementor-widget-container\">\n\t\t\t<h1 class=\"elementor-heading-title elementor-size-default\"><br>\u00f3<\/h1>\t\t<\/div>\n\t\t\t\t<\/div>\n\t\t<div class=\"elementor-element elementor-element-b7131ec e-con-full e-flex e-con\" data-id=\"b7131ec\" data-element_type=\"container\" data-settings=\"{&quot;content_width&quot;:&quot;full&quot;}\">\n\t\t\t\t<div class=\"elementor-element elementor-element-2939d7a elementor-widget elementor-widget-heading\" data-id=\"2939d7a\" data-element_type=\"widget\" data-widget_type=\"heading.default\">\n\t\t\t\t<div class=\"elementor-widget-container\">\n\t\t\t<h1 class=\"elementor-heading-title elementor-size-default\">Encuentrenos<\/h1>\t\t<\/div>\n\t\t\t\t<\/div>\n\t\t\t\t<div class=\"elementor-element elementor-element-b044c05 elementor-widget elementor-widget-google_maps\" data-id=\"b044c05\" data-element_type=\"widget\" data-widget_type=\"google_maps.default\">\n\t\t\t\t<div class=\"elementor-widget-container\">\n\t\t\t<style>\/*! elementor - v3.15.0 - 20-08-2023 *\/\n.elementor-widget-google_maps .elementor-widget-container{overflow:hidden}.elementor-widget-google_maps .elementor-custom-embed{line-height:0}.elementor-widget-google_maps iframe{height:300px}<\/style>\t\t<div class=\"elementor-custom-embed\">\n\t\t\t<iframe loading=\"lazy\"\n\t\t\t\t\tsrc=\"https:\/\/maps.google.com\/maps?q=Avinguda%20de%20la%20Costa%20Blanca%2C%2084%2C%20local%204%2C%2003540%20San%20Juan%20Playa%2C%20Alicante&#038;t=m&#038;z=16&#038;output=embed&#038;iwloc=near\"\n\t\t\t\t\ttitle=\"Avinguda de la Costa Blanca, 84, local 4, 03540 San Juan Playa, Alicante\"\n\t\t\t\t\taria-label=\"Avinguda de la Costa Blanca, 84, local 4, 03540 San Juan Playa, Alicante\"\n\t\t\t><\/iframe>\n\t\t<\/div>\n\t\t\t\t<\/div>\n\t\t\t\t<\/div>\n\t\t\t\t<\/div>\n\t\t\t\t\t<\/div>\n\t\t\t\t<\/div>\n\t\t\t\t\t\t\t<\/div>\n\t\t","protected":false},"excerpt":{"rendered":"<p>Radiofrecuencia Radiofrecuencia bipolar que reafirma la piel, remodela el ovalo, mejora la elasticidad y difumina l\u00edneas de expresi\u00f3n tanto para facial como corporal. Adem\u00e1s tiene una funci\u00f3n descongestiva a nivel muscular, ideal para contracturas. Titan &#8211; Electromagnetismo Es un tipo de tratamiento de electromagnetismo que combina 3 tipos de corriente: electroestimulaci\u00f3n, electromagnetismo y corriente inductiva. &hellip;<\/p>\n<p class=\"read-more\"> <a class=\"\" href=\"https:\/\/www.rosemarietorregrosa.com\/index.php\/aparatologia\/\"> <span class=\"screen-reader-text\">Aparatolog\u00eda<\/span> Leer m\u00e1s &raquo;<\/a><\/p>\n","protected":false},"author":1,"featured_media":0,"parent":0,"menu_order":0,"comment_status":"closed","ping_status":"closed","template":"","meta":{"site-sidebar-layout":"no-sidebar","site-content-layout":"page-builder","ast-site-content-layout":"","site-content-style":"default","site-sidebar-style":"default","ast-global-header-display":"","ast-banner-title-visibility":"","ast-main-header-display":"","ast-hfb-above-header-display":"","ast-hfb-below-header-display":"","ast-hfb-mobile-header-display":"","site-post-title":"disabled","ast-breadcrumbs-content":"","ast-featured-img":"disabled","footer-sml-layout":"","theme-transparent-header-meta":"","adv-header-id-meta":"","stick-header-meta":"","header-above-stick-meta":"","header-main-stick-meta":"","header-below-stick-meta":"","astra-migrate-meta-layouts":"","_joinchat":[],"footnotes":""},"class_list":["post-431","page","type-page","status-publish","hentry"],"_links":{"self":[{"href":"https:\/\/www.rosemarietorregrosa.com\/index.php\/wp-json\/wp\/v2\/pages\/431","targetHints":{"allow":["GET"]}}],"collection":[{"href":"https:\/\/www.rosemarietorregrosa.com\/index.php\/wp-json\/wp\/v2\/pages"}],"about":[{"href":"https:\/\/www.rosemarietorregrosa.com\/index.php\/wp-json\/wp\/v2\/types\/page"}],"author":[{"embeddable":true,"href":"https:\/\/www.rosemarietorregrosa.com\/index.php\/wp-json\/wp\/v2\/users\/1"}],"replies":[{"embeddable":true,"href":"https:\/\/www.rosemarietorregrosa.com\/index.php\/wp-json\/wp\/v2\/comments?post=431"}],"version-history":[{"count":28,"href":"https:\/\/www.rosemarietorregrosa.com\/index.php\/wp-json\/wp\/v2\/pages\/431\/revisions"}],"predecessor-version":[{"id":1151,"href":"https:\/\/www.rosemarietorregrosa.com\/index.php\/wp-json\/wp\/v2\/pages\/431\/revisions\/1151"}],"wp:attachment":[{"href":"https:\/\/www.rosemarietorregrosa.com\/index.php\/wp-json\/wp\/v2\/media?parent=431"}],"curies":[{"name":"wp","href":"https:\/\/api.w.org\/{rel}","templated":true}]}}