{"id":946,"date":"2023-06-13T14:32:27","date_gmt":"2023-06-13T12:32:27","guid":{"rendered":"http:\/\/www.rosemarietorregrosa.com\/?page_id=946"},"modified":"2023-06-19T13:51:49","modified_gmt":"2023-06-19T11:51:49","slug":"novias-os","status":"publish","type":"page","link":"https:\/\/www.rosemarietorregrosa.com\/index.php\/novias-os\/","title":{"rendered":"Novias\/os"},"content":{"rendered":"\t\t<div data-elementor-type=\"wp-page\" data-elementor-id=\"946\" class=\"elementor elementor-946\">\n\t\t\t\t\t\t\t<div class=\"elementor-element elementor-element-37610b5 e-flex e-con-boxed e-con\" data-id=\"37610b5\" data-element_type=\"container\" data-settings=\"{&quot;background_background&quot;:&quot;classic&quot;,&quot;content_width&quot;:&quot;boxed&quot;}\">\n\t\t\t\t\t<div class=\"e-con-inner\">\n\t\t<div class=\"elementor-element elementor-element-55961ba e-con-full e-flex e-con\" data-id=\"55961ba\" data-element_type=\"container\" data-settings=\"{&quot;content_width&quot;:&quot;full&quot;}\">\n\t\t\t\t<div class=\"elementor-element elementor-element-2297698 animated-slow elementor-invisible elementor-widget elementor-widget-heading\" data-id=\"2297698\" data-element_type=\"widget\" data-settings=\"{&quot;_animation&quot;:&quot;slideInUp&quot;}\" data-widget_type=\"heading.default\">\n\t\t\t\t<div class=\"elementor-widget-container\">\n\t\t\t<style>\/*! elementor - v3.15.0 - 20-08-2023 *\/\n.elementor-heading-title{padding:0;margin:0;line-height:1}.elementor-widget-heading .elementor-heading-title[class*=elementor-size-]>a{color:inherit;font-size:inherit;line-height:inherit}.elementor-widget-heading .elementor-heading-title.elementor-size-small{font-size:15px}.elementor-widget-heading .elementor-heading-title.elementor-size-medium{font-size:19px}.elementor-widget-heading .elementor-heading-title.elementor-size-large{font-size:29px}.elementor-widget-heading .elementor-heading-title.elementor-size-xl{font-size:39px}.elementor-widget-heading .elementor-heading-title.elementor-size-xxl{font-size:59px}<\/style><h2 class=\"elementor-heading-title elementor-size-default\">NOVIOS\/AS<\/h2>\t\t<\/div>\n\t\t\t\t<\/div>\n\t\t\t\t<div class=\"elementor-element elementor-element-8a529ff elementor-widget elementor-widget-text-editor\" data-id=\"8a529ff\" data-element_type=\"widget\" data-widget_type=\"text-editor.default\">\n\t\t\t\t<div class=\"elementor-widget-container\">\n\t\t\t<style>\/*! elementor - v3.15.0 - 20-08-2023 *\/\n.elementor-widget-text-editor.elementor-drop-cap-view-stacked .elementor-drop-cap{background-color:#69727d;color:#fff}.elementor-widget-text-editor.elementor-drop-cap-view-framed .elementor-drop-cap{color:#69727d;border:3px solid;background-color:transparent}.elementor-widget-text-editor:not(.elementor-drop-cap-view-default) .elementor-drop-cap{margin-top:8px}.elementor-widget-text-editor:not(.elementor-drop-cap-view-default) .elementor-drop-cap-letter{width:1em;height:1em}.elementor-widget-text-editor .elementor-drop-cap{float:left;text-align:center;line-height:1;font-size:50px}.elementor-widget-text-editor .elementor-drop-cap-letter{display:inline-block}<\/style>\t\t\t\t<p>Ese d\u00eda tan especial tenemos un plan perfecto y personalizado para ti, para que el d\u00eda de tu boda est\u00e9s radiante y sea el\/la novi@ ideal. No dudes en llamarnos<\/p><p>1\u00ba.- Limpieza facial personalizada.<\/p><p>2\u00ba.- Tratamiento facial regenerador.<\/p><p>3\u00ba.- Tratamiento facial iluminador.<\/p><p>4\u00aa.- Masaje corporal relajante<\/p><p>5\u00aa.- Maquillaje (en el caso de las novias)<\/p><p>*Este plan tambi\u00e9n es apto para madrinas y padrinos.<\/p>\t\t\t\t\t\t<\/div>\n\t\t\t\t<\/div>\n\t\t\t\t<\/div>\n\t\t\t\t<div class=\"elementor-element elementor-element-a88f9c4 elementor-widget elementor-widget-image\" data-id=\"a88f9c4\" data-element_type=\"widget\" data-widget_type=\"image.default\">\n\t\t\t\t<div class=\"elementor-widget-container\">\n\t\t\t<style>\/*! elementor - v3.15.0 - 20-08-2023 *\/\n.elementor-widget-image{text-align:center}.elementor-widget-image a{display:inline-block}.elementor-widget-image a img[src$=\".svg\"]{width:48px}.elementor-widget-image img{vertical-align:middle;display:inline-block}<\/style>\t\t\t\t\t\t\t\t\t\t\t\t<img loading=\"lazy\" decoding=\"async\" width=\"768\" height=\"1153\" src=\"https:\/\/www.rosemarietorregrosa.com\/wp-content\/uploads\/2023\/06\/IMG-20230530-WA0004-768x1153.jpg\" class=\"attachment-medium_large size-medium_large wp-image-1104\" alt=\"\" srcset=\"https:\/\/www.rosemarietorregrosa.com\/wp-content\/uploads\/2023\/06\/IMG-20230530-WA0004-768x1153.jpg 768w, https:\/\/www.rosemarietorregrosa.com\/wp-content\/uploads\/2023\/06\/IMG-20230530-WA0004-200x300.jpg 200w, https:\/\/www.rosemarietorregrosa.com\/wp-content\/uploads\/2023\/06\/IMG-20230530-WA0004-682x1024.jpg 682w, https:\/\/www.rosemarietorregrosa.com\/wp-content\/uploads\/2023\/06\/IMG-20230530-WA0004-1023x1536.jpg 1023w, https:\/\/www.rosemarietorregrosa.com\/wp-content\/uploads\/2023\/06\/IMG-20230530-WA0004.jpg 1066w\" sizes=\"auto, (max-width: 768px) 100vw, 768px\" \/>\t\t\t\t\t\t\t\t\t\t\t\t\t\t\t<\/div>\n\t\t\t\t<\/div>\n\t\t\t\t\t<\/div>\n\t\t\t\t<\/div>\n\t\t\t\t\t\t\t<\/div>\n\t\t","protected":false},"excerpt":{"rendered":"<p>NOVIOS\/AS Ese d\u00eda tan especial tenemos un plan perfecto y personalizado para ti, para que el d\u00eda de tu boda est\u00e9s radiante y sea el\/la novi@ ideal. No dudes en llamarnos 1\u00ba.- Limpieza facial personalizada. 2\u00ba.- Tratamiento facial regenerador. 3\u00ba.- Tratamiento facial iluminador. 4\u00aa.- Masaje corporal relajante 5\u00aa.- Maquillaje (en el caso de las novias) &hellip;<\/p>\n<p class=\"read-more\"> <a class=\"\" href=\"https:\/\/www.rosemarietorregrosa.com\/index.php\/novias-os\/\"> <span class=\"screen-reader-text\">Novias\/os<\/span> Leer m\u00e1s &raquo;<\/a><\/p>\n","protected":false},"author":1,"featured_media":0,"parent":0,"menu_order":0,"comment_status":"closed","ping_status":"closed","template":"","meta":{"site-sidebar-layout":"no-sidebar","site-content-layout":"page-builder","ast-site-content-layout":"","site-content-style":"default","site-sidebar-style":"default","ast-global-header-display":"","ast-banner-title-visibility":"","ast-main-header-display":"","ast-hfb-above-header-display":"","ast-hfb-below-header-display":"","ast-hfb-mobile-header-display":"","site-post-title":"disabled","ast-breadcrumbs-content":"","ast-featured-img":"disabled","footer-sml-layout":"","theme-transparent-header-meta":"","adv-header-id-meta":"","stick-header-meta":"","header-above-stick-meta":"","header-main-stick-meta":"","header-below-stick-meta":"","astra-migrate-meta-layouts":"","_joinchat":[],"footnotes":""},"class_list":["post-946","page","type-page","status-publish","hentry"],"_links":{"self":[{"href":"https:\/\/www.rosemarietorregrosa.com\/index.php\/wp-json\/wp\/v2\/pages\/946","targetHints":{"allow":["GET"]}}],"collection":[{"href":"https:\/\/www.rosemarietorregrosa.com\/index.php\/wp-json\/wp\/v2\/pages"}],"about":[{"href":"https:\/\/www.rosemarietorregrosa.com\/index.php\/wp-json\/wp\/v2\/types\/page"}],"author":[{"embeddable":true,"href":"https:\/\/www.rosemarietorregrosa.com\/index.php\/wp-json\/wp\/v2\/users\/1"}],"replies":[{"embeddable":true,"href":"https:\/\/www.rosemarietorregrosa.com\/index.php\/wp-json\/wp\/v2\/comments?post=946"}],"version-history":[{"count":7,"href":"https:\/\/www.rosemarietorregrosa.com\/index.php\/wp-json\/wp\/v2\/pages\/946\/revisions"}],"predecessor-version":[{"id":1107,"href":"https:\/\/www.rosemarietorregrosa.com\/index.php\/wp-json\/wp\/v2\/pages\/946\/revisions\/1107"}],"wp:attachment":[{"href":"https:\/\/www.rosemarietorregrosa.com\/index.php\/wp-json\/wp\/v2\/media?parent=946"}],"curies":[{"name":"wp","href":"https:\/\/api.w.org\/{rel}","templated":true}]}}