{"id":985,"date":"2023-06-14T18:39:25","date_gmt":"2023-06-14T16:39:25","guid":{"rendered":"http:\/\/www.rosemarietorregrosa.com\/?page_id=985"},"modified":"2023-08-28T23:02:34","modified_gmt":"2023-08-28T21:02:34","slug":"microblading","status":"publish","type":"page","link":"https:\/\/www.rosemarietorregrosa.com\/index.php\/microblading\/","title":{"rendered":"Microblading"},"content":{"rendered":"\t\t<div data-elementor-type=\"wp-page\" data-elementor-id=\"985\" class=\"elementor elementor-985\">\n\t\t\t\t\t\t\t<div class=\"elementor-element elementor-element-5f6c1d0 e-flex e-con-boxed e-con\" data-id=\"5f6c1d0\" data-element_type=\"container\" data-settings=\"{&quot;content_width&quot;:&quot;boxed&quot;}\">\n\t\t\t\t\t<div class=\"e-con-inner\">\n\t\t<div class=\"elementor-element elementor-element-c415710 e-con-full e-flex e-con\" data-id=\"c415710\" data-element_type=\"container\" data-settings=\"{&quot;content_width&quot;:&quot;full&quot;}\">\n\t\t\t\t<\/div>\n\t\t<div class=\"elementor-element elementor-element-f684663 e-con-full e-flex e-con\" data-id=\"f684663\" data-element_type=\"container\" data-settings=\"{&quot;content_width&quot;:&quot;full&quot;}\">\n\t\t\t\t<div class=\"elementor-element elementor-element-386056a elementor-widget elementor-widget-heading\" data-id=\"386056a\" data-element_type=\"widget\" data-widget_type=\"heading.default\">\n\t\t\t\t<div class=\"elementor-widget-container\">\n\t\t\t<style>\/*! elementor - v3.15.0 - 20-08-2023 *\/\n.elementor-heading-title{padding:0;margin:0;line-height:1}.elementor-widget-heading .elementor-heading-title[class*=elementor-size-]>a{color:inherit;font-size:inherit;line-height:inherit}.elementor-widget-heading .elementor-heading-title.elementor-size-small{font-size:15px}.elementor-widget-heading .elementor-heading-title.elementor-size-medium{font-size:19px}.elementor-widget-heading .elementor-heading-title.elementor-size-large{font-size:29px}.elementor-widget-heading .elementor-heading-title.elementor-size-xl{font-size:39px}.elementor-widget-heading .elementor-heading-title.elementor-size-xxl{font-size:59px}<\/style><h2 class=\"elementor-heading-title elementor-size-default\">Cejas<\/h2>\t\t<\/div>\n\t\t\t\t<\/div>\n\t\t\t\t<div class=\"elementor-element elementor-element-9d4b00a elementor-widget elementor-widget-text-editor\" data-id=\"9d4b00a\" data-element_type=\"widget\" data-widget_type=\"text-editor.default\">\n\t\t\t\t<div class=\"elementor-widget-container\">\n\t\t\t<style>\/*! elementor - v3.15.0 - 20-08-2023 *\/\n.elementor-widget-text-editor.elementor-drop-cap-view-stacked .elementor-drop-cap{background-color:#69727d;color:#fff}.elementor-widget-text-editor.elementor-drop-cap-view-framed .elementor-drop-cap{color:#69727d;border:3px solid;background-color:transparent}.elementor-widget-text-editor:not(.elementor-drop-cap-view-default) .elementor-drop-cap{margin-top:8px}.elementor-widget-text-editor:not(.elementor-drop-cap-view-default) .elementor-drop-cap-letter{width:1em;height:1em}.elementor-widget-text-editor .elementor-drop-cap{float:left;text-align:center;line-height:1;font-size:50px}.elementor-widget-text-editor .elementor-drop-cap-letter{display:inline-block}<\/style>\t\t\t\t<p style=\"text-align: justify; text-justify: inter-ideograph;\"><span style=\"font-size: 14.0pt; mso-bidi-font-size: 11.0pt; line-height: 115%; mso-ascii-font-family: Calibri; mso-fareast-font-family: Calibri; mso-hansi-font-family: Calibri; mso-bidi-font-family: Calibri;\">Son t\u00e9cnicas de maquillaje semipermanente.<\/span><\/p><p style=\"text-align: justify; text-justify: inter-ideograph;\"><span style=\"font-size: 14.0pt; mso-bidi-font-size: 11.0pt; line-height: 115%; mso-ascii-font-family: Calibri; mso-fareast-font-family: Calibri; mso-hansi-font-family: Calibri; mso-bidi-font-family: Calibri;\">El microblading es una t\u00e9cnica que se realiza a mano alzada y onde el dibujo del pelo a pelo es hiperrealista y su duraci\u00f3n es de 1 a\u00f1o, dependiendo del tipo de piel y sus cuidados posteriores.<\/span><\/p><p style=\"text-align: justify; text-justify: inter-ideograph;\"><span style=\"font-size: 14.0pt; mso-bidi-font-size: 11.0pt; line-height: 115%; mso-ascii-font-family: Calibri; mso-fareast-font-family: Calibri; mso-hansi-font-family: Calibri; mso-bidi-font-family: Calibri;\">\u00a0<\/span><\/p><p style=\"text-align: justify; text-justify: inter-ideograph;\"><span style=\"font-size: 14.0pt; mso-bidi-font-size: 11.0pt; line-height: 115%; mso-ascii-font-family: Calibri; mso-fareast-font-family: Calibri; mso-hansi-font-family: Calibri; mso-bidi-font-family: Calibri;\">\u00a0<\/span><\/p><p style=\"text-align: justify; text-justify: inter-ideograph;\"><span style=\"font-size: 14.0pt; mso-bidi-font-size: 11.0pt; line-height: 115%; mso-ascii-font-family: Calibri; mso-fareast-font-family: Calibri; mso-hansi-font-family: Calibri; mso-bidi-font-family: Calibri;\">La micropigmentaci\u00f3n se trabaja con m\u00e1quina y el resultado es natural pero m\u00e1s duradero, siendo su duraci\u00f3n entre 1 a\u00f1o y medio a 2 a\u00f1os y medio, dependiendo del tipo de piel y sus cuidados posteriores.<\/span><\/p><p style=\"text-align: justify; text-justify: inter-ideograph;\"><span style=\"font-size: 14.0pt; mso-bidi-font-size: 11.0pt; line-height: 115%; mso-ascii-font-family: Calibri; mso-fareast-font-family: Calibri; mso-hansi-font-family: Calibri; mso-bidi-font-family: Calibri;\">Con ambas t\u00e9cnicas se consigue dar definici\u00f3n a tus cejas, repoblarlas y hacer un efecto lifting.<\/span><\/p>\t\t\t\t\t\t<\/div>\n\t\t\t\t<\/div>\n\t\t\t\t<\/div>\n\t\t\t\t\t<\/div>\n\t\t\t\t<\/div>\n\t\t<div class=\"elementor-element elementor-element-57b0ace e-flex e-con-boxed e-con\" data-id=\"57b0ace\" data-element_type=\"container\" data-settings=\"{&quot;content_width&quot;:&quot;boxed&quot;}\">\n\t\t\t\t\t<div class=\"e-con-inner\">\n\t\t<div class=\"elementor-element elementor-element-54e3e7d e-con-full e-flex e-con\" data-id=\"54e3e7d\" data-element_type=\"container\" data-settings=\"{&quot;content_width&quot;:&quot;full&quot;}\">\n\t\t\t\t<div class=\"elementor-element elementor-element-c2159ef elementor-widget elementor-widget-heading\" data-id=\"c2159ef\" data-element_type=\"widget\" data-widget_type=\"heading.default\">\n\t\t\t\t<div class=\"elementor-widget-container\">\n\t\t\t<h2 class=\"elementor-heading-title elementor-size-default\">Labios<\/h2>\t\t<\/div>\n\t\t\t\t<\/div>\n\t\t\t\t<div class=\"elementor-element elementor-element-e280fae elementor-widget elementor-widget-text-editor\" data-id=\"e280fae\" data-element_type=\"widget\" data-widget_type=\"text-editor.default\">\n\t\t\t\t<div class=\"elementor-widget-container\">\n\t\t\t\t\t\t\t<p style=\"text-align: justify; text-justify: inter-ideograph;\"><span style=\"font-size: 14.0pt; mso-bidi-font-size: 11.0pt; line-height: 115%; mso-ascii-font-family: Calibri; mso-fareast-font-family: Calibri; mso-hansi-font-family: Calibri; mso-bidi-font-family: Calibri;\">Se realiza la t\u00e9cnica de micropigmentaci\u00f3n y lo que conseguimos es dar color al labio, dar grosor y corregir asimetr\u00edas y bocas ca\u00eddas. La coloraci\u00f3n puede ir desde un tono natural hasta tonos m\u00e1s subidos o fuertes de color (como si llevaras pintalabios).<\/span><\/p><p style=\"text-align: justify; text-justify: inter-ideograph;\"><span style=\"font-size: 14.0pt; mso-bidi-font-size: 11.0pt; line-height: 115%; mso-ascii-font-family: Calibri; mso-fareast-font-family: Calibri; mso-hansi-font-family: Calibri; mso-bidi-font-family: Calibri;\">Su duraci\u00f3n es de 1 a\u00f1o y medio a 2 a\u00f1os y medio y depender\u00e1 de los cuidados posteriores.<\/span><\/p>\t\t\t\t\t\t<\/div>\n\t\t\t\t<\/div>\n\t\t\t\t<\/div>\n\t\t<div class=\"elementor-element elementor-element-51e1bc1 e-con-full e-flex e-con\" data-id=\"51e1bc1\" data-element_type=\"container\" data-settings=\"{&quot;content_width&quot;:&quot;full&quot;}\">\n\t\t\t\t<\/div>\n\t\t\t\t\t<\/div>\n\t\t\t\t<\/div>\n\t\t<div class=\"elementor-element elementor-element-db21659 e-flex e-con-boxed e-con\" data-id=\"db21659\" data-element_type=\"container\" data-settings=\"{&quot;content_width&quot;:&quot;boxed&quot;}\">\n\t\t\t\t\t<div class=\"e-con-inner\">\n\t\t<div class=\"elementor-element elementor-element-2a628eb e-con-full e-flex e-con\" data-id=\"2a628eb\" data-element_type=\"container\" data-settings=\"{&quot;content_width&quot;:&quot;full&quot;}\">\n\t\t\t\t<\/div>\n\t\t<div class=\"elementor-element elementor-element-0a2c68c e-con-full e-flex e-con\" data-id=\"0a2c68c\" data-element_type=\"container\" data-settings=\"{&quot;content_width&quot;:&quot;full&quot;}\">\n\t\t\t\t<div class=\"elementor-element elementor-element-8d1098b elementor-widget elementor-widget-heading\" data-id=\"8d1098b\" data-element_type=\"widget\" data-widget_type=\"heading.default\">\n\t\t\t\t<div class=\"elementor-widget-container\">\n\t\t\t<h2 class=\"elementor-heading-title elementor-size-default\">Eye-liner<\/h2>\t\t<\/div>\n\t\t\t\t<\/div>\n\t\t\t\t<div class=\"elementor-element elementor-element-fb57a6f elementor-widget elementor-widget-text-editor\" data-id=\"fb57a6f\" data-element_type=\"widget\" data-widget_type=\"text-editor.default\">\n\t\t\t\t<div class=\"elementor-widget-container\">\n\t\t\t\t\t\t\t<p class=\"MsoNormal\" style=\"text-align: justify; text-justify: inter-ideograph;\"><span style=\"font-size: 14.0pt; mso-bidi-font-size: 11.0pt; line-height: 115%; mso-ascii-font-family: Calibri; mso-fareast-font-family: Calibri; mso-hansi-font-family: Calibri; mso-bidi-font-family: Calibri;\">\u00bfTe imaginas una l\u00ednea de eye-liner perfecta y que no se te vaya? Pues esto lo conseguimos con la micropigmentaci\u00f3n. Tus ojos ser\u00e1n m\u00e1s expresivos y estar\u00e1s maquillada todo el d\u00eda.<\/span><\/p><p class=\"MsoNormal\" style=\"text-align: justify; text-justify: inter-ideograph;\"><span style=\"font-size: 14.0pt; mso-bidi-font-size: 11.0pt; line-height: 115%; mso-ascii-font-family: Calibri; mso-fareast-font-family: Calibri; mso-hansi-font-family: Calibri; mso-bidi-font-family: Calibri;\">\u00bfTe imaginas en verano estar perfecta sin que se te corra?<\/span><\/p>\t\t\t\t\t\t<\/div>\n\t\t\t\t<\/div>\n\t\t\t\t<\/div>\n\t\t\t\t\t<\/div>\n\t\t\t\t<\/div>\n\t\t<div class=\"elementor-element elementor-element-3a6cb87 e-flex e-con-boxed e-con\" data-id=\"3a6cb87\" data-element_type=\"container\" data-settings=\"{&quot;content_width&quot;:&quot;boxed&quot;}\">\n\t\t\t\t\t<div class=\"e-con-inner\">\n\t\t<div class=\"elementor-element elementor-element-79c256e e-con-full e-flex e-con\" data-id=\"79c256e\" data-element_type=\"container\" data-settings=\"{&quot;content_width&quot;:&quot;full&quot;}\">\n\t\t\t\t<div class=\"elementor-element elementor-element-51b6482 elementor-widget elementor-widget-heading\" data-id=\"51b6482\" data-element_type=\"widget\" data-widget_type=\"heading.default\">\n\t\t\t\t<div class=\"elementor-widget-container\">\n\t\t\t<h2 class=\"elementor-heading-title elementor-size-default\">Shading<\/h2>\t\t<\/div>\n\t\t\t\t<\/div>\n\t\t\t\t<div class=\"elementor-element elementor-element-6b5a628 elementor-widget elementor-widget-text-editor\" data-id=\"6b5a628\" data-element_type=\"widget\" data-widget_type=\"text-editor.default\">\n\t\t\t\t<div class=\"elementor-widget-container\">\n\t\t\t\t\t\t\t<p style=\"text-align: justify; text-justify: inter-ideograph;\"><span style=\"font-size: 14.0pt; mso-bidi-font-size: 11.0pt; line-height: 115%; mso-ascii-font-family: Calibri; mso-fareast-font-family: Calibri; mso-hansi-font-family: Calibri; mso-bidi-font-family: Calibri;\">Es una t\u00e9cnica de micropigmentaci\u00f3n o microblading que consiste en realizar un sombreado, con esto conseguimos m\u00e1s naturalidad y fuerza tanto en cejas como en el delineado del ojo.<\/span><\/p>\t\t\t\t\t\t<\/div>\n\t\t\t\t<\/div>\n\t\t\t\t<\/div>\n\t\t\t\t\t<\/div>\n\t\t\t\t<\/div>\n\t\t<div class=\"elementor-element elementor-element-c4a4c3e animated-slow e-flex e-con-boxed elementor-invisible e-con\" data-id=\"c4a4c3e\" data-element_type=\"container\" data-settings=\"{&quot;animation&quot;:&quot;zoomIn&quot;,&quot;content_width&quot;:&quot;boxed&quot;}\">\n\t\t\t\t\t<div class=\"e-con-inner\">\n\t\t<div class=\"elementor-element elementor-element-735b434 e-con-full e-flex e-con\" data-id=\"735b434\" data-element_type=\"container\" data-settings=\"{&quot;content_width&quot;:&quot;full&quot;}\">\n\t\t\t\t<div class=\"elementor-element elementor-element-3318e50 elementor-widget elementor-widget-heading\" data-id=\"3318e50\" data-element_type=\"widget\" data-widget_type=\"heading.default\">\n\t\t\t\t<div class=\"elementor-widget-container\">\n\t\t\t<h1 class=\"elementor-heading-title elementor-size-default\">Cont\u00e1ctenos<\/h1>\t\t<\/div>\n\t\t\t\t<\/div>\n\t\t\t\t<div class=\"elementor-element elementor-element-3ca6fef elementor-widget elementor-widget-text-editor\" data-id=\"3ca6fef\" data-element_type=\"widget\" data-widget_type=\"text-editor.default\">\n\t\t\t\t<div class=\"elementor-widget-container\">\n\t\t\t\t\t\t\t<p><span style=\"color: #324a6d; text-align: center;\">\u00bfLe ha interesado alguno de nuestros tratamientos faciales?\u00a0<\/span><span style=\"color: #324a6d; letter-spacing: 0px; text-align: center; word-spacing: 0em; background-color: var(--ast-global-color-5);\">No dude en contactarnos, tanto para informarse como pedirnos cita.\u00a0<\/span><\/p><p><span style=\"color: #324a6d; text-align: center;\">Puede enviarnos un correo, contactarnos por tel\u00e9fono al 965 15 95 36 o h\u00e1blenos por WhatsApp.<\/span><span style=\"color: #324a6d; letter-spacing: 0px; text-align: center; word-spacing: 0em; background-color: var(--ast-global-color-5);\"><br \/><\/span><\/p>\t\t\t\t\t\t<\/div>\n\t\t\t\t<\/div>\n\t\t\t\t<div class=\"elementor-element elementor-element-9e864d2 elementor-align-center elementor-mobile-align-center elementor-widget elementor-widget-button\" data-id=\"9e864d2\" data-element_type=\"widget\" data-widget_type=\"button.default\">\n\t\t\t\t<div class=\"elementor-widget-container\">\n\t\t\t\t\t<div class=\"elementor-button-wrapper\">\n\t\t\t<a class=\"elementor-button elementor-button-link elementor-size-sm\" href=\"http:\/\/www.rosemarietorregrosa.com\/index.php\/contactanos\/\">\n\t\t\t\t\t\t<span class=\"elementor-button-content-wrapper\">\n\t\t\t\t\t\t<span class=\"elementor-button-text\">Cont\u00e1ctanos<\/span>\n\t\t<\/span>\n\t\t\t\t\t<\/a>\n\t\t<\/div>\n\t\t\t\t<\/div>\n\t\t\t\t<\/div>\n\t\t\t\t<\/div>\n\t\t\t\t<div class=\"elementor-element elementor-element-4736f9c elementor-widget elementor-widget-heading\" data-id=\"4736f9c\" data-element_type=\"widget\" data-widget_type=\"heading.default\">\n\t\t\t\t<div class=\"elementor-widget-container\">\n\t\t\t<h1 class=\"elementor-heading-title elementor-size-default\"><br>\u00f3<\/h1>\t\t<\/div>\n\t\t\t\t<\/div>\n\t\t<div class=\"elementor-element elementor-element-7841454 e-con-full e-flex e-con\" data-id=\"7841454\" data-element_type=\"container\" data-settings=\"{&quot;content_width&quot;:&quot;full&quot;}\">\n\t\t\t\t<div class=\"elementor-element elementor-element-5ebbc6c elementor-widget elementor-widget-heading\" data-id=\"5ebbc6c\" data-element_type=\"widget\" data-widget_type=\"heading.default\">\n\t\t\t\t<div class=\"elementor-widget-container\">\n\t\t\t<h1 class=\"elementor-heading-title elementor-size-default\">Encuentrenos<\/h1>\t\t<\/div>\n\t\t\t\t<\/div>\n\t\t\t\t<div class=\"elementor-element elementor-element-2ae72a1 elementor-widget elementor-widget-google_maps\" data-id=\"2ae72a1\" data-element_type=\"widget\" data-widget_type=\"google_maps.default\">\n\t\t\t\t<div class=\"elementor-widget-container\">\n\t\t\t<style>\/*! elementor - v3.15.0 - 20-08-2023 *\/\n.elementor-widget-google_maps .elementor-widget-container{overflow:hidden}.elementor-widget-google_maps .elementor-custom-embed{line-height:0}.elementor-widget-google_maps iframe{height:300px}<\/style>\t\t<div class=\"elementor-custom-embed\">\n\t\t\t<iframe loading=\"lazy\"\n\t\t\t\t\tsrc=\"https:\/\/maps.google.com\/maps?q=Avinguda%20de%20la%20Costa%20Blanca%2C%2084%2C%20local%204%2C%2003540%20San%20Juan%20Playa%2C%20Alicante&#038;t=m&#038;z=16&#038;output=embed&#038;iwloc=near\"\n\t\t\t\t\ttitle=\"Avinguda de la Costa Blanca, 84, local 4, 03540 San Juan Playa, Alicante\"\n\t\t\t\t\taria-label=\"Avinguda de la Costa Blanca, 84, local 4, 03540 San Juan Playa, Alicante\"\n\t\t\t><\/iframe>\n\t\t<\/div>\n\t\t\t\t<\/div>\n\t\t\t\t<\/div>\n\t\t\t\t<\/div>\n\t\t\t\t\t<\/div>\n\t\t\t\t<\/div>\n\t\t<div class=\"elementor-element elementor-element-1dd1fff e-flex e-con-boxed e-con\" data-id=\"1dd1fff\" data-element_type=\"container\" data-settings=\"{&quot;content_width&quot;:&quot;boxed&quot;}\">\n\t\t\t\t\t<div class=\"e-con-inner\">\n\t\t\t\t\t<\/div>\n\t\t\t\t<\/div>\n\t\t\t\t\t\t\t<\/div>\n\t\t","protected":false},"excerpt":{"rendered":"<p>Cejas Son t\u00e9cnicas de maquillaje semipermanente. El microblading es una t\u00e9cnica que se realiza a mano alzada y onde el dibujo del pelo a pelo es hiperrealista y su duraci\u00f3n es de 1 a\u00f1o, dependiendo del tipo de piel y sus cuidados posteriores. \u00a0 \u00a0 La micropigmentaci\u00f3n se trabaja con m\u00e1quina y el resultado es &hellip;<\/p>\n<p class=\"read-more\"> <a class=\"\" href=\"https:\/\/www.rosemarietorregrosa.com\/index.php\/microblading\/\"> <span class=\"screen-reader-text\">Microblading<\/span> Leer m\u00e1s &raquo;<\/a><\/p>\n","protected":false},"author":1,"featured_media":0,"parent":0,"menu_order":0,"comment_status":"closed","ping_status":"closed","template":"","meta":{"site-sidebar-layout":"no-sidebar","site-content-layout":"page-builder","ast-site-content-layout":"","site-content-style":"default","site-sidebar-style":"default","ast-global-header-display":"","ast-banner-title-visibility":"","ast-main-header-display":"","ast-hfb-above-header-display":"","ast-hfb-below-header-display":"","ast-hfb-mobile-header-display":"","site-post-title":"disabled","ast-breadcrumbs-content":"","ast-featured-img":"disabled","footer-sml-layout":"","theme-transparent-header-meta":"","adv-header-id-meta":"","stick-header-meta":"","header-above-stick-meta":"","header-main-stick-meta":"","header-below-stick-meta":"","astra-migrate-meta-layouts":"","_joinchat":[],"footnotes":""},"class_list":["post-985","page","type-page","status-publish","hentry"],"_links":{"self":[{"href":"https:\/\/www.rosemarietorregrosa.com\/index.php\/wp-json\/wp\/v2\/pages\/985","targetHints":{"allow":["GET"]}}],"collection":[{"href":"https:\/\/www.rosemarietorregrosa.com\/index.php\/wp-json\/wp\/v2\/pages"}],"about":[{"href":"https:\/\/www.rosemarietorregrosa.com\/index.php\/wp-json\/wp\/v2\/types\/page"}],"author":[{"embeddable":true,"href":"https:\/\/www.rosemarietorregrosa.com\/index.php\/wp-json\/wp\/v2\/users\/1"}],"replies":[{"embeddable":true,"href":"https:\/\/www.rosemarietorregrosa.com\/index.php\/wp-json\/wp\/v2\/comments?post=985"}],"version-history":[{"count":61,"href":"https:\/\/www.rosemarietorregrosa.com\/index.php\/wp-json\/wp\/v2\/pages\/985\/revisions"}],"predecessor-version":[{"id":1267,"href":"https:\/\/www.rosemarietorregrosa.com\/index.php\/wp-json\/wp\/v2\/pages\/985\/revisions\/1267"}],"wp:attachment":[{"href":"https:\/\/www.rosemarietorregrosa.com\/index.php\/wp-json\/wp\/v2\/media?parent=985"}],"curies":[{"name":"wp","href":"https:\/\/api.w.org\/{rel}","templated":true}]}}